{"id":116,"date":"2023-12-05T20:37:08","date_gmt":"2023-12-05T20:37:08","guid":{"rendered":"https:\/\/agflo.io\/our-story\/"},"modified":"2026-01-27T14:54:04","modified_gmt":"2026-01-27T19:54:04","slug":"ourstory","status":"publish","type":"page","link":"https:\/\/agflo.io\/en\/ourstory\/","title":{"rendered":"Our Story"},"content":{"rendered":"<div data-elementor-type=\"wp-page\" data-elementor-id=\"116\" class=\"elementor elementor-116\" data-elementor-post-type=\"page\">\n\t\t\t\t<div class=\"elementor-element elementor-element-6d6d236 e-con-full e-flex e-con e-parent\" data-id=\"6d6d236\" data-element_type=\"container\">\n\t\t\t\t<div class=\"elementor-element elementor-element-d5a33ec elementor-widget elementor-widget-heading\" data-id=\"d5a33ec\" data-element_type=\"widget\" data-widget_type=\"heading.default\">\n\t\t\t\t<div class=\"elementor-widget-container\">\n\t\t\t\t\t<h1 class=\"elementor-heading-title elementor-size-default\">Our Story<\/h1>\t\t\t\t<\/div>\n\t\t\t\t<\/div>\n\t\t<div class=\"elementor-element elementor-element-b83a200 e-con-full e-flex e-con e-child\" data-id=\"b83a200\" data-element_type=\"container\">\n\t\t<div class=\"elementor-element elementor-element-5954670 e-con-full e-flex e-con e-child\" data-id=\"5954670\" data-element_type=\"container\">\n\t\t\t\t<div class=\"elementor-element elementor-element-0f7ab05 elementor-widget elementor-widget-text-editor\" data-id=\"0f7ab05\" data-element_type=\"widget\" data-widget_type=\"text-editor.default\">\n\t\t\t\t<div class=\"elementor-widget-container\">\n\t\t\t\t\t\t\t\t\t<h6>In late 2019, Agflo began as a simple question between co-founders Francis and Francois: Why is there no direct link between feed bins and feed mills?<\/h6>\n<h6>That spark turned into a mission.<\/h6>\n<h6>Since then, we\u2019ve been moving fast, validating our market, prototyping smart sensors, and launching our first production units. Along the way, we\u2019ve added AI capabilities to make feed inventory management more precise, more predictable, and easier to scale.<\/h6>\n<h6>Today, with over 2,000 sensors sold and a growing network of farms and partners, Agflo is shifting into high gear. Our solutions are already helping producers across Quebec, and now we\u2019re setting our sights on the rest of Canada and the U.S.<\/h6>\n<h6>We\u2019re building our distribution network, expanding our tech, and staying focused on a simple idea: connecting feed supply chains with real-time intelligence.<\/h6>\n<h6>Explore our technology or get in touch to find out how AgFlo can streamline your operations.<\/h6>\t\t\t\t\t\t\t\t<\/div>\n\t\t\t\t<\/div>\n\t\t\t\t<div class=\"elementor-element elementor-element-f810d8c elementor-widget elementor-widget-image\" data-id=\"f810d8c\" data-element_type=\"widget\" data-widget_type=\"image.default\">\n\t\t\t\t<div class=\"elementor-widget-container\">\n\t\t\t\t\t\t\t\t\t\t\t\t\t\t\t<img fetchpriority=\"high\" decoding=\"async\" width=\"800\" height=\"639\" src=\"https:\/\/agflo.io\/wp-content\/uploads\/2023\/12\/AgFlow_Icone_Meunerie_Bleu-techno-1024x818.png\" class=\"attachment-large size-large wp-image-149\" alt=\"\" srcset=\"https:\/\/agflo.io\/wp-content\/uploads\/2023\/12\/AgFlow_Icone_Meunerie_Bleu-techno-1024x818.png 1024w, https:\/\/agflo.io\/wp-content\/uploads\/2023\/12\/AgFlow_Icone_Meunerie_Bleu-techno-300x240.png 300w, https:\/\/agflo.io\/wp-content\/uploads\/2023\/12\/AgFlow_Icone_Meunerie_Bleu-techno-768x613.png 768w, https:\/\/agflo.io\/wp-content\/uploads\/2023\/12\/AgFlow_Icone_Meunerie_Bleu-techno-1536x1227.png 1536w, https:\/\/agflo.io\/wp-content\/uploads\/2023\/12\/AgFlow_Icone_Meunerie_Bleu-techno.png 1871w\" sizes=\"(max-width: 800px) 100vw, 800px\" \/>\t\t\t\t\t\t\t\t\t\t\t\t\t\t\t<\/div>\n\t\t\t\t<\/div>\n\t\t\t\t<\/div>\n\t\t<div class=\"elementor-element elementor-element-c6ea841 e-con-full e-flex e-con e-child\" data-id=\"c6ea841\" data-element_type=\"container\">\n\t\t\t\t<div class=\"elementor-element elementor-element-8facdb5 elementor-widget elementor-widget-image\" data-id=\"8facdb5\" data-element_type=\"widget\" data-no-translation=\"\" data-widget_type=\"image.default\">\n\t\t\t\t<div class=\"elementor-widget-container\">\n\t\t\t\t\t\t\t\t\t\t\t\t\t\t\t<img decoding=\"async\" width=\"800\" height=\"2000\" src=\"https:\/\/agflo.io\/wp-content\/uploads\/2025\/11\/Agflo-Timeline-1.png\" class=\"attachment-full size-full wp-image-911\" alt=\"\" srcset=\"https:\/\/agflo.io\/wp-content\/uploads\/2025\/11\/Agflo-Timeline-1.png 800w, https:\/\/agflo.io\/wp-content\/uploads\/2025\/11\/Agflo-Timeline-1-120x300.png 120w, https:\/\/agflo.io\/wp-content\/uploads\/2025\/11\/Agflo-Timeline-1-410x1024.png 410w, https:\/\/agflo.io\/wp-content\/uploads\/2025\/11\/Agflo-Timeline-1-768x1920.png 768w, https:\/\/agflo.io\/wp-content\/uploads\/2025\/11\/Agflo-Timeline-1-614x1536.png 614w, https:\/\/agflo.io\/wp-content\/uploads\/2025\/11\/Agflo-Timeline-1-5x12.png 5w\" sizes=\"(max-width: 800px) 100vw, 800px\" \/>\t\t\t\t\t\t\t\t\t\t\t\t\t\t\t<\/div>\n\t\t\t\t<\/div>\n\t\t\t\t<div class=\"elementor-element elementor-element-457a385 elementor-widget elementor-widget-image\" data-id=\"457a385\" data-element_type=\"widget\" data-no-translation=\"\" data-widget_type=\"image.default\">\n\t\t\t\t<div class=\"elementor-widget-container\">\n\t\t\t\t\t<style>.elementor-element-457a385{display:none !important}<\/style>\t\t\t\t<\/div>\n\t\t\t\t<\/div>\n\t\t\t\t<\/div>\n\t\t\t\t<\/div>\n\t\t\t\t<\/div>\n\t\t<div class=\"elementor-element elementor-element-973a797 e-flex e-con-boxed e-con e-parent\" data-id=\"973a797\" data-element_type=\"container\">\n\t\t\t\t\t<div class=\"e-con-inner\">\n\t\t<div class=\"elementor-element elementor-element-7f8c20c e-con-full e-flex e-con e-child\" data-id=\"7f8c20c\" data-element_type=\"container\" data-settings=\"{&quot;background_background&quot;:&quot;classic&quot;}\">\n\t\t\t\t<div class=\"elementor-element elementor-element-42aae08 elementor-widget elementor-widget-heading\" data-id=\"42aae08\" data-element_type=\"widget\" data-widget_type=\"heading.default\">\n\t\t\t\t<div class=\"elementor-widget-container\">\n\t\t\t\t\t<h3 class=\"elementor-heading-title elementor-size-default\">Media Relations<\/h3>\t\t\t\t<\/div>\n\t\t\t\t<\/div>\n\t\t\t\t<div class=\"elementor-element elementor-element-91b76cc elementor-widget elementor-widget-text-editor\" data-id=\"91b76cc\" data-element_type=\"widget\" data-widget_type=\"text-editor.default\">\n\t\t\t\t<div class=\"elementor-widget-container\">\n\t\t\t\t\t\t\t\t\t<h6>Covering the future of farming through Agtech?<\/h6><h6>We\u2019d love to share our insights, reach out to us at marketing@agflo.io <a href=\"mailto:marketing@agflo.io\">marketing@agflo.io<\/a>.<\/h6>\t\t\t\t\t\t\t\t<\/div>\n\t\t\t\t<\/div>\n\t\t\t\t<\/div>\n\t\t\t\t\t<\/div>\n\t\t\t\t<\/div>\n\t\t\t\t<\/div>","protected":false},"excerpt":{"rendered":"<p>Notre histoire Fin 2019, AgFlo a vu le jour suite \u00e0 une simple question que se posaient les cofondateurs Francis et Francois : Pourquoi n&rsquo;y a-t-il pas de lien direct entre les silos \u00e0 la ferme et les usines de fabrication de moul\u00e9e? Cette id\u00e9e est devenue une mission. Depuis, nous avons grandi rapidement, valid\u00e9 [&hellip;]<\/p>","protected":false},"author":2,"featured_media":0,"parent":0,"menu_order":0,"comment_status":"closed","ping_status":"closed","template":"","meta":{"footnotes":""},"class_list":["post-116","page","type-page","status-publish","hentry"],"_links":{"self":[{"href":"https:\/\/agflo.io\/en\/wp-json\/wp\/v2\/pages\/116","targetHints":{"allow":["GET"]}}],"collection":[{"href":"https:\/\/agflo.io\/en\/wp-json\/wp\/v2\/pages"}],"about":[{"href":"https:\/\/agflo.io\/en\/wp-json\/wp\/v2\/types\/page"}],"author":[{"embeddable":true,"href":"https:\/\/agflo.io\/en\/wp-json\/wp\/v2\/users\/2"}],"replies":[{"embeddable":true,"href":"https:\/\/agflo.io\/en\/wp-json\/wp\/v2\/comments?post=116"}],"version-history":[{"count":70,"href":"https:\/\/agflo.io\/en\/wp-json\/wp\/v2\/pages\/116\/revisions"}],"predecessor-version":[{"id":1606,"href":"https:\/\/agflo.io\/en\/wp-json\/wp\/v2\/pages\/116\/revisions\/1606"}],"wp:attachment":[{"href":"https:\/\/agflo.io\/en\/wp-json\/wp\/v2\/media?parent=116"}],"curies":[{"name":"wp","href":"https:\/\/api.w.org\/{rel}","templated":true}]}}