{"id":532,"date":"2023-12-05T20:37:09","date_gmt":"2023-12-06T01:37:09","guid":{"rendered":"https:\/\/agflo.io\/?page_id=532"},"modified":"2026-01-27T14:41:32","modified_gmt":"2026-01-27T19:41:32","slug":"home","status":"publish","type":"page","link":"https:\/\/agflo.io\/en\/","title":{"rendered":"Agflo"},"content":{"rendered":"<div data-elementor-type=\"wp-page\" data-elementor-id=\"532\" class=\"elementor elementor-532\" data-elementor-post-type=\"page\">\n\t\t\t\t<div class=\"elementor-element elementor-element-7576429 e-flex e-con-boxed e-con e-parent\" data-id=\"7576429\" data-element_type=\"container\" data-settings=\"{&quot;background_background&quot;:&quot;classic&quot;}\">\n\t\t\t\t\t<div class=\"e-con-inner\">\n\t\t<div class=\"elementor-element elementor-element-3191966 e-con-full e-flex e-con e-child\" data-id=\"3191966\" data-element_type=\"container\">\n\t\t\t\t<div class=\"elementor-element elementor-element-2b25c95 elementor-widget elementor-widget-image\" data-id=\"2b25c95\" data-element_type=\"widget\" data-widget_type=\"image.default\">\n\t\t\t\t<div class=\"elementor-widget-container\">\n\t\t\t\t\t\t\t\t\t\t\t\t\t\t\t<img fetchpriority=\"high\" decoding=\"async\" width=\"800\" height=\"800\" src=\"https:\/\/agflo.io\/wp-content\/uploads\/2023\/12\/silos.svg\" class=\"attachment-large size-large wp-image-146\" alt=\"\" \/>\t\t\t\t\t\t\t\t\t\t\t\t\t\t\t<\/div>\n\t\t\t\t<\/div>\n\t\t\t\t<\/div>\n\t\t<div class=\"elementor-element elementor-element-a8b2d46 e-con-full e-flex e-con e-child\" data-id=\"a8b2d46\" data-element_type=\"container\">\n\t\t\t\t<div class=\"elementor-element elementor-element-8cdc9e6 elementor-widget elementor-widget-text-editor\" data-id=\"8cdc9e6\" data-element_type=\"widget\" data-widget_type=\"text-editor.default\">\n\t\t\t\t<div class=\"elementor-widget-container\">\n\t\t\t\t\t\t\t\t\t<h1><span style=\"color: #000000;\">Monitor Your Inventory. Anytime. Anywhere.<\/span><\/h1>\t\t\t\t\t\t\t\t<\/div>\n\t\t\t\t<\/div>\n\t\t\t\t<div class=\"elementor-element elementor-element-89f9c1a elementor-widget elementor-widget-text-editor\" data-id=\"89f9c1a\" data-element_type=\"widget\" data-widget_type=\"text-editor.default\">\n\t\t\t\t<div class=\"elementor-widget-container\">\n\t\t\t\t\t\t\t\t\t<h2><span style=\"color: #91b2eb;\">AgFlo\u2019s Connected Bins Management Solution<\/span><\/h2>\t\t\t\t\t\t\t\t<\/div>\n\t\t\t\t<\/div>\n\t\t\t\t<\/div>\n\t\t\t\t\t<\/div>\n\t\t\t\t<\/div>\n\t\t<div class=\"elementor-element elementor-element-ec7862d e-flex e-con-boxed e-con e-parent\" data-id=\"ec7862d\" data-element_type=\"container\">\n\t\t\t\t\t<div class=\"e-con-inner\">\n\t\t<div class=\"elementor-element elementor-element-da26816 e-con-full e-flex e-con e-child\" data-id=\"da26816\" data-element_type=\"container\">\n\t\t\t\t<div class=\"elementor-element elementor-element-e5b5afd elementor-widget elementor-widget-image\" data-id=\"e5b5afd\" data-element_type=\"widget\" data-widget_type=\"image.default\">\n\t\t\t\t<div class=\"elementor-widget-container\">\n\t\t\t\t\t\t\t\t\t\t\t\t\t\t\t<img decoding=\"async\" width=\"800\" height=\"300\" src=\"https:\/\/agflo.io\/wp-content\/uploads\/2025\/10\/AgFloSystem_w-1024x384.jpg\" class=\"attachment-large size-large wp-image-550\" alt=\"\" srcset=\"https:\/\/agflo.io\/wp-content\/uploads\/2025\/10\/AgFloSystem_w-1024x384.jpg 1024w, https:\/\/agflo.io\/wp-content\/uploads\/2025\/10\/AgFloSystem_w-300x113.jpg 300w, https:\/\/agflo.io\/wp-content\/uploads\/2025\/10\/AgFloSystem_w-768x288.jpg 768w, https:\/\/agflo.io\/wp-content\/uploads\/2025\/10\/AgFloSystem_w-1536x576.jpg 1536w, https:\/\/agflo.io\/wp-content\/uploads\/2025\/10\/AgFloSystem_w-18x7.jpg 18w, https:\/\/agflo.io\/wp-content\/uploads\/2025\/10\/AgFloSystem_w.jpg 1920w\" sizes=\"(max-width: 800px) 100vw, 800px\" \/>\t\t\t\t\t\t\t\t\t\t\t\t\t\t\t<\/div>\n\t\t\t\t<\/div>\n\t\t\t\t<\/div>\n\t\t<div class=\"elementor-element elementor-element-105ef79 e-con-full e-flex e-con e-child\" data-id=\"105ef79\" data-element_type=\"container\">\n\t\t<div class=\"elementor-element elementor-element-d60000a e-con-full e-flex e-con e-child\" data-id=\"d60000a\" data-element_type=\"container\">\n\t\t\t\t<div class=\"elementor-element elementor-element-1cb771c elementor-widget elementor-widget-heading\" data-id=\"1cb771c\" data-element_type=\"widget\" data-widget_type=\"heading.default\">\n\t\t\t\t<div class=\"elementor-widget-container\">\n\t\t\t\t\t<h4 class=\"elementor-heading-title elementor-size-default\">AgFlo: Predictive, AI Driven Inventory Reporting<\/h4>\t\t\t\t<\/div>\n\t\t\t\t<\/div>\n\t\t\t\t<div class=\"elementor-element elementor-element-0a42a52 elementor-widget elementor-widget-text-editor\" data-id=\"0a42a52\" data-element_type=\"widget\" data-widget_type=\"text-editor.default\">\n\t\t\t\t<div class=\"elementor-widget-container\">\n\t\t\t\t\t\t\t\t\t<ul><li data-start=\"0\" data-end=\"139\"><h5><strong data-start=\"0\" data-end=\"23\">Wireless Sensors:<\/strong> One per bin, ultrasonic, clips on bin opening, self-leveling, LTE connectivity, battery-powered<\/h5><\/li><li data-start=\"141\" data-end=\"221\"><h5><strong data-start=\"141\" data-end=\"171\">Effortless Setup:<\/strong> 15 minutes, by clients, tool free<\/h5><\/li><li data-start=\"223\" data-end=\"330\"><h5><strong data-start=\"223\" data-end=\"249\">Cost-Effective &amp; Scalable:<\/strong> Fast ROI, priced for large scale deployments<\/h5><\/li><li data-start=\"223\" data-end=\"330\"><h5><strong data-start=\"332\" data-end=\"354\">Remote Monitoring:<\/strong> Clients access their data anywhere on friendly dashboards or integrated in their ERP<\/h5><\/li><\/ul>\t\t\t\t\t\t\t\t<\/div>\n\t\t\t\t<\/div>\n\t\t<div class=\"elementor-element elementor-element-fc286c4 e-con-full e-flex e-con e-child\" data-id=\"fc286c4\" data-element_type=\"container\">\n\t\t\t\t<div class=\"elementor-element elementor-element-2681950 elementor-widget elementor-widget-button\" data-id=\"2681950\" data-element_type=\"widget\" data-widget_type=\"button.default\">\n\t\t\t\t<div class=\"elementor-widget-container\">\n\t\t\t\t\t\t\t\t\t<div class=\"elementor-button-wrapper\">\n\t\t\t\t\t<a class=\"elementor-button elementor-button-link elementor-size-sm\" href=\"\/en\/feed-mills\/\">\n\t\t\t\t\t\t<span class=\"elementor-button-content-wrapper\">\n\t\t\t\t\t\t\t\t\t<span class=\"elementor-button-text\">For Feed Mills and Integrators <\/span>\n\t\t\t\t\t<\/span>\n\t\t\t\t\t<\/a>\n\t\t\t\t<\/div>\n\t\t\t\t\t\t\t\t<\/div>\n\t\t\t\t<\/div>\n\t\t\t\t<div class=\"elementor-element elementor-element-318889f elementor-widget elementor-widget-button\" data-id=\"318889f\" data-element_type=\"widget\" data-widget_type=\"button.default\">\n\t\t\t\t<div class=\"elementor-widget-container\">\n\t\t\t\t\t\t\t\t\t<div class=\"elementor-button-wrapper\">\n\t\t\t\t\t<a class=\"elementor-button elementor-button-link elementor-size-sm\" href=\"\/en\/producteurs\/\">\n\t\t\t\t\t\t<span class=\"elementor-button-content-wrapper\">\n\t\t\t\t\t\t\t\t\t<span class=\"elementor-button-text\">For Livestock Producers<\/span>\n\t\t\t\t\t<\/span>\n\t\t\t\t\t<\/a>\n\t\t\t\t<\/div>\n\t\t\t\t\t\t\t\t<\/div>\n\t\t\t\t<\/div>\n\t\t\t\t<\/div>\n\t\t\t\t<\/div>\n\t\t\t\t<\/div>\n\t\t\t\t\t<\/div>\n\t\t\t\t<\/div>\n\t\t<div class=\"elementor-element elementor-element-d80c9a9 e-con-full e-flex e-con e-parent\" data-id=\"d80c9a9\" data-element_type=\"container\" data-settings=\"{&quot;background_background&quot;:&quot;classic&quot;}\">\n\t\t<div class=\"elementor-element elementor-element-0f5409f e-con-full e-flex e-con e-child\" data-id=\"0f5409f\" data-element_type=\"container\">\n\t\t\t\t<div class=\"elementor-element elementor-element-666d1a5 elementor-widget elementor-widget-heading\" data-id=\"666d1a5\" data-element_type=\"widget\" data-widget_type=\"heading.default\">\n\t\t\t\t<div class=\"elementor-widget-container\">\n\t\t\t\t\t<h3 class=\"elementor-heading-title elementor-size-default\">How it works<\/h3>\t\t\t\t<\/div>\n\t\t\t\t<\/div>\n\t\t\t\t<div class=\"elementor-element elementor-element-42277d5 elementor-widget elementor-widget-text-editor\" data-id=\"42277d5\" data-element_type=\"widget\" data-widget_type=\"text-editor.default\">\n\t\t\t\t<div class=\"elementor-widget-container\">\n\t\t\t\t\t\t\t\t\t<ul><li>We use ultrasound to measure the distance between the sensor and the feed.<\/li><li>Using a geometric model of the bin, distance is converted into a volume of feed<\/li><li>Our ultrasound technology enables greater precision than a single point of measurement.<\/li><li>We account for the uneven surface and provide an average distance measurement.<\/li><\/ul>\t\t\t\t\t\t\t\t<\/div>\n\t\t\t\t<\/div>\n\t\t\t\t<\/div>\n\t\t<div class=\"elementor-element elementor-element-0d2b1de e-con-full e-flex e-con e-child\" data-id=\"0d2b1de\" data-element_type=\"container\">\n\t\t\t\t<div class=\"elementor-element elementor-element-73d52fc elementor-widget elementor-widget-image\" data-id=\"73d52fc\" data-element_type=\"widget\" data-widget_type=\"image.default\">\n\t\t\t\t<div class=\"elementor-widget-container\">\n\t\t\t\t\t\t\t\t\t\t\t\t\t\t\t<img decoding=\"async\" width=\"444\" height=\"728\" src=\"https:\/\/agflo.io\/wp-content\/uploads\/2025\/11\/competition-WEB.jpg\" class=\"attachment-full size-full wp-image-764\" alt=\"\" srcset=\"https:\/\/agflo.io\/wp-content\/uploads\/2025\/11\/competition-WEB.jpg 444w, https:\/\/agflo.io\/wp-content\/uploads\/2025\/11\/competition-WEB-183x300.jpg 183w, https:\/\/agflo.io\/wp-content\/uploads\/2025\/11\/competition-WEB-7x12.jpg 7w\" sizes=\"(max-width: 444px) 100vw, 444px\" \/>\t\t\t\t\t\t\t\t\t\t\t\t\t\t\t<\/div>\n\t\t\t\t<\/div>\n\t\t\t\t<div class=\"elementor-element elementor-element-576713c elementor-widget elementor-widget-heading\" data-id=\"576713c\" data-element_type=\"widget\" data-widget_type=\"heading.default\">\n\t\t\t\t<div class=\"elementor-widget-container\">\n\t\t\t\t\t<p class=\"elementor-heading-title elementor-size-default\">Competition<\/p>\t\t\t\t<\/div>\n\t\t\t\t<\/div>\n\t\t\t\t<\/div>\n\t\t<div class=\"elementor-element elementor-element-08d425e e-con-full e-flex e-con e-child\" data-id=\"08d425e\" data-element_type=\"container\">\n\t\t\t\t<div class=\"elementor-element elementor-element-92e0ea3 elementor-widget elementor-widget-image\" data-id=\"92e0ea3\" data-element_type=\"widget\" data-widget_type=\"image.default\">\n\t\t\t\t<div class=\"elementor-widget-container\">\n\t\t\t\t\t\t\t\t\t\t\t\t\t\t\t<img loading=\"lazy\" decoding=\"async\" width=\"444\" height=\"728\" src=\"https:\/\/agflo.io\/wp-content\/uploads\/2025\/11\/Aglo-competition-WEB.jpg\" class=\"attachment-full size-full wp-image-765\" alt=\"\" srcset=\"https:\/\/agflo.io\/wp-content\/uploads\/2025\/11\/Aglo-competition-WEB.jpg 444w, https:\/\/agflo.io\/wp-content\/uploads\/2025\/11\/Aglo-competition-WEB-183x300.jpg 183w, https:\/\/agflo.io\/wp-content\/uploads\/2025\/11\/Aglo-competition-WEB-7x12.jpg 7w\" sizes=\"(max-width: 444px) 100vw, 444px\" \/>\t\t\t\t\t\t\t\t\t\t\t\t\t\t\t<\/div>\n\t\t\t\t<\/div>\n\t\t\t\t<div class=\"elementor-element elementor-element-5a659cb elementor-widget elementor-widget-heading\" data-id=\"5a659cb\" data-element_type=\"widget\" data-widget_type=\"heading.default\">\n\t\t\t\t<div class=\"elementor-widget-container\">\n\t\t\t\t\t<p class=\"elementor-heading-title elementor-size-default\">AgFlo\n<\/p>\t\t\t\t<\/div>\n\t\t\t\t<\/div>\n\t\t\t\t<\/div>\n\t\t\t\t<\/div>\n\t\t<div class=\"elementor-element elementor-element-9b4a625 e-flex e-con-boxed e-con e-parent\" data-id=\"9b4a625\" data-element_type=\"container\">\n\t\t\t\t\t<div class=\"e-con-inner\">\n\t\t\t\t\t<\/div>\n\t\t\t\t<\/div>\n\t\t<div class=\"elementor-element elementor-element-2b03c396 e-flex e-con-boxed e-con e-parent\" data-id=\"2b03c396\" data-element_type=\"container\" id=\"next\" data-settings=\"{&quot;background_background&quot;:&quot;classic&quot;}\">\n\t\t\t\t\t<div class=\"e-con-inner\">\n\t\t\t\t<div class=\"elementor-element elementor-element-32bd412c elementor-widget elementor-widget-heading\" data-id=\"32bd412c\" data-element_type=\"widget\" data-widget_type=\"heading.default\">\n\t\t\t\t<div class=\"elementor-widget-container\">\n\t\t\t\t\t<h2 class=\"elementor-heading-title elementor-size-default\">Why choose AgFlo<\/h2>\t\t\t\t<\/div>\n\t\t\t\t<\/div>\n\t\t<div class=\"elementor-element elementor-element-2230900 e-con-full e-flex e-con e-child\" data-id=\"2230900\" data-element_type=\"container\">\n\t\t<div class=\"elementor-element elementor-element-3422c57e e-con-full e-flex e-con e-child\" data-id=\"3422c57e\" data-element_type=\"container\" data-settings=\"{&quot;background_background&quot;:&quot;classic&quot;}\">\n\t\t\t\t<div class=\"elementor-element elementor-element-161e2824 elementor-widget elementor-widget-heading\" data-id=\"161e2824\" data-element_type=\"widget\" data-widget_type=\"heading.default\">\n\t\t\t\t<div class=\"elementor-widget-container\">\n\t\t\t\t\t<h4 class=\"elementor-heading-title elementor-size-default\">Economical<\/h4>\t\t\t\t<\/div>\n\t\t\t\t<\/div>\n\t\t\t\t<div class=\"elementor-element elementor-element-470c3885 elementor-widget-divider--view-line elementor-widget elementor-widget-divider\" data-id=\"470c3885\" data-element_type=\"widget\" data-widget_type=\"divider.default\">\n\t\t\t\t<div class=\"elementor-widget-container\">\n\t\t\t\t\t\t\t<div class=\"elementor-divider\">\n\t\t\t<span class=\"elementor-divider-separator\">\n\t\t\t\t\t\t<\/span>\n\t\t<\/div>\n\t\t\t\t\t\t<\/div>\n\t\t\t\t<\/div>\n\t\t\t\t<div class=\"elementor-element elementor-element-2412c2d4 elementor-widget elementor-widget-text-editor\" data-id=\"2412c2d4\" data-element_type=\"widget\" data-widget_type=\"text-editor.default\">\n\t\t\t\t<div class=\"elementor-widget-container\">\n\t\t\t\t\t\t\t\t\t<p>Its low cost allows you to equip all your mill's client silos while ensuring a quick return on investment.<\/p>\t\t\t\t\t\t\t\t<\/div>\n\t\t\t\t<\/div>\n\t\t\t\t<\/div>\n\t\t<div class=\"elementor-element elementor-element-3c11ef1e e-con-full e-flex e-con e-child\" data-id=\"3c11ef1e\" data-element_type=\"container\" data-settings=\"{&quot;background_background&quot;:&quot;classic&quot;}\">\n\t\t\t\t<div class=\"elementor-element elementor-element-4b81fa04 elementor-widget elementor-widget-heading\" data-id=\"4b81fa04\" data-element_type=\"widget\" data-widget_type=\"heading.default\">\n\t\t\t\t<div class=\"elementor-widget-container\">\n\t\t\t\t\t<h4 class=\"elementor-heading-title elementor-size-default\">Robust<\/h4>\t\t\t\t<\/div>\n\t\t\t\t<\/div>\n\t\t\t\t<div class=\"elementor-element elementor-element-78cbc431 elementor-widget-divider--view-line elementor-widget elementor-widget-divider\" data-id=\"78cbc431\" data-element_type=\"widget\" data-widget_type=\"divider.default\">\n\t\t\t\t<div class=\"elementor-widget-container\">\n\t\t\t\t\t\t\t<div class=\"elementor-divider\">\n\t\t\t<span class=\"elementor-divider-separator\">\n\t\t\t\t\t\t<\/span>\n\t\t<\/div>\n\t\t\t\t\t\t<\/div>\n\t\t\t\t<\/div>\n\t\t\t\t<div class=\"elementor-element elementor-element-232fd491 elementor-widget elementor-widget-text-editor\" data-id=\"232fd491\" data-element_type=\"widget\" data-widget_type=\"text-editor.default\">\n\t\t\t\t<div class=\"elementor-widget-container\">\n\t\t\t\t\t\t\t\t\t<p>Tested in the field for several years under the harsh Quebec winters, it has its own cleaning system and it is self-powered (AA batteries), providing autonomy for more than 2 years.<\/p>\t\t\t\t\t\t\t\t<\/div>\n\t\t\t\t<\/div>\n\t\t\t\t<\/div>\n\t\t<div class=\"elementor-element elementor-element-896f1cc e-con-full e-flex e-con e-child\" data-id=\"896f1cc\" data-element_type=\"container\" data-settings=\"{&quot;background_background&quot;:&quot;classic&quot;}\">\n\t\t\t\t<div class=\"elementor-element elementor-element-74b1013b elementor-widget elementor-widget-heading\" data-id=\"74b1013b\" data-element_type=\"widget\" data-widget_type=\"heading.default\">\n\t\t\t\t<div class=\"elementor-widget-container\">\n\t\t\t\t\t<h4 class=\"elementor-heading-title elementor-size-default\">Easy Installation<\/h4>\t\t\t\t<\/div>\n\t\t\t\t<\/div>\n\t\t\t\t<div class=\"elementor-element elementor-element-270665e5 elementor-widget-divider--view-line elementor-widget elementor-widget-divider\" data-id=\"270665e5\" data-element_type=\"widget\" data-widget_type=\"divider.default\">\n\t\t\t\t<div class=\"elementor-widget-container\">\n\t\t\t\t\t\t\t<div class=\"elementor-divider\">\n\t\t\t<span class=\"elementor-divider-separator\">\n\t\t\t\t\t\t<\/span>\n\t\t<\/div>\n\t\t\t\t\t\t<\/div>\n\t\t\t\t<\/div>\n\t\t\t\t<div class=\"elementor-element elementor-element-75779c0f elementor-widget elementor-widget-text-editor\" data-id=\"75779c0f\" data-element_type=\"widget\" data-widget_type=\"text-editor.default\">\n\t\t\t\t<div class=\"elementor-widget-container\">\n\t\t\t\t\t\t\t\t\t<p>Installs in under 15 minutes without modifications to the silo. It can also be easily transferred to another silo.<\/p>\t\t\t\t\t\t\t\t<\/div>\n\t\t\t\t<\/div>\n\t\t\t\t<\/div>\n\t\t<div class=\"elementor-element elementor-element-28ff6772 e-con-full e-flex e-con e-child\" data-id=\"28ff6772\" data-element_type=\"container\" data-settings=\"{&quot;background_background&quot;:&quot;classic&quot;}\">\n\t\t\t\t<div class=\"elementor-element elementor-element-1321d88d elementor-widget elementor-widget-heading\" data-id=\"1321d88d\" data-element_type=\"widget\" data-widget_type=\"heading.default\">\n\t\t\t\t<div class=\"elementor-widget-container\">\n\t\t\t\t\t<h4 class=\"elementor-heading-title elementor-size-default\">Data at Your Fingertips<\/h4>\t\t\t\t<\/div>\n\t\t\t\t<\/div>\n\t\t\t\t<div class=\"elementor-element elementor-element-29ec59de elementor-widget-divider--view-line elementor-widget elementor-widget-divider\" data-id=\"29ec59de\" data-element_type=\"widget\" data-widget_type=\"divider.default\">\n\t\t\t\t<div class=\"elementor-widget-container\">\n\t\t\t\t\t\t\t<div class=\"elementor-divider\">\n\t\t\t<span class=\"elementor-divider-separator\">\n\t\t\t\t\t\t<\/span>\n\t\t<\/div>\n\t\t\t\t\t\t<\/div>\n\t\t\t\t<\/div>\n\t\t\t\t<div class=\"elementor-element elementor-element-59b43337 elementor-widget elementor-widget-text-editor\" data-id=\"59b43337\" data-element_type=\"widget\" data-widget_type=\"text-editor.default\">\n\t\t\t\t<div class=\"elementor-widget-container\">\n\t\t\t\t\t\t\t\t\t<p>Thanks to our IT team, we can seamlessly integrate inventory data into most ERP systems.<\/p>\t\t\t\t\t\t\t\t<\/div>\n\t\t\t\t<\/div>\n\t\t\t\t<\/div>\n\t\t\t\t<\/div>\n\t\t\t\t\t<\/div>\n\t\t\t\t<\/div>\n\t\t<div class=\"elementor-element elementor-element-426db19 e-flex e-con-boxed e-con e-parent\" data-id=\"426db19\" data-element_type=\"container\" data-settings=\"{&quot;background_background&quot;:&quot;classic&quot;}\">\n\t\t\t\t\t<div class=\"e-con-inner\">\n\t\t\t\t<div class=\"elementor-element elementor-element-931fb65 elementor-widget elementor-widget-heading\" data-id=\"931fb65\" data-element_type=\"widget\" data-widget_type=\"heading.default\">\n\t\t\t\t<div class=\"elementor-widget-container\">\n\t\t\t\t\t<h1 class=\"elementor-heading-title elementor-size-default\">They trust us !<\/h1>\t\t\t\t<\/div>\n\t\t\t\t<\/div>\n\t\t<div class=\"elementor-element elementor-element-4a91f73 e-con-full e-flex e-con e-child\" data-id=\"4a91f73\" data-element_type=\"container\">\n\t\t\t\t<div class=\"elementor-element elementor-element-0e8cb69 elementor-widget elementor-widget-image\" data-id=\"0e8cb69\" data-element_type=\"widget\" data-widget_type=\"image.default\">\n\t\t\t\t<div class=\"elementor-widget-container\">\n\t\t\t\t\t\t\t\t\t\t\t\t\t\t\t\t<a href=\"http:\/\/godro.ca\">\n\t\t\t\t\t\t\t<img decoding=\"async\" src=\"https:\/\/agflo.io\/wp-content\/uploads\/elementor\/thumbs\/godroBW-rdaypmqzowfr3f3gqu46ouys0hmss07ntphxil8cu8.png\" title=\"godroBW\" alt=\"Distribution Godro.ca\" loading=\"lazy\" \/>\t\t\t\t\t\t\t\t<\/a>\n\t\t\t\t\t\t\t\t\t\t\t\t\t\t\t<\/div>\n\t\t\t\t<\/div>\n\t\t\t\t<div class=\"elementor-element elementor-element-f6e40ad elementor-widget elementor-widget-image\" data-id=\"f6e40ad\" data-element_type=\"widget\" data-widget_type=\"image.default\">\n\t\t\t\t<div class=\"elementor-widget-container\">\n\t\t\t\t\t\t\t\t\t\t\t\t\t\t\t\t<a href=\"https:\/\/www.cdpq.ca\">\n\t\t\t\t\t\t\t<img decoding=\"async\" src=\"https:\/\/agflo.io\/wp-content\/uploads\/elementor\/thumbs\/CDPQBW-rdaypmqzowfr3f3gqu46ouys0hmss07ntphxil8cu8.png\" title=\"CDPQBW\" alt=\"CDPQBW\" loading=\"lazy\" \/>\t\t\t\t\t\t\t\t<\/a>\n\t\t\t\t\t\t\t\t\t\t\t\t\t\t\t<\/div>\n\t\t\t\t<\/div>\n\t\t\t\t<div class=\"elementor-element elementor-element-852f767 elementor-widget elementor-widget-image\" data-id=\"852f767\" data-element_type=\"widget\" data-widget_type=\"image.default\">\n\t\t\t\t<div class=\"elementor-widget-container\">\n\t\t\t\t\t\t\t\t\t\t\t\t\t\t\t\t<a href=\"https:\/\/grouperobitaille.com\">\n\t\t\t\t\t\t\t<img decoding=\"async\" src=\"https:\/\/agflo.io\/wp-content\/uploads\/elementor\/thumbs\/robitaille-scaled-rdaypmqzowfr3f3gqu46ouys0hmss07ntphxil8cu8.jpg\" title=\"robitaille\" alt=\"robitaille\" loading=\"lazy\" \/>\t\t\t\t\t\t\t\t<\/a>\n\t\t\t\t\t\t\t\t\t\t\t\t\t\t\t<\/div>\n\t\t\t\t<\/div>\n\t\t\t\t<div class=\"elementor-element elementor-element-c5f982c elementor-widget elementor-widget-image\" data-id=\"c5f982c\" data-element_type=\"widget\" data-widget_type=\"image.default\">\n\t\t\t\t<div class=\"elementor-widget-container\">\n\t\t\t\t\t\t\t\t\t\t\t\t\t\t\t\t<a href=\"https:\/\/www.facebook.com\/profile.php?id=100076121976983\">\n\t\t\t\t\t\t\t<img decoding=\"async\" src=\"https:\/\/agflo.io\/wp-content\/uploads\/elementor\/thumbs\/jmHenriBW-rdaypmqzowfv6qkbm1uoea4s39bn16lwcelhx6jchs.jpg\" title=\"jmHenriBW\" alt=\"jmHenriBW\" loading=\"lazy\" \/>\t\t\t\t\t\t\t\t<\/a>\n\t\t\t\t\t\t\t\t\t\t\t\t\t\t\t<\/div>\n\t\t\t\t<\/div>\n\t\t\t\t<div class=\"elementor-element elementor-element-1fe6de8 elementor-widget elementor-widget-image\" data-id=\"1fe6de8\" data-element_type=\"widget\" data-widget_type=\"image.default\">\n\t\t\t\t<div class=\"elementor-widget-container\">\n\t\t\t\t\t\t\t\t\t\t\t\t\t\t\t\t<a href=\"https:\/\/www.avantis.coop\">\n\t\t\t\t\t\t\t<img decoding=\"async\" src=\"https:\/\/agflo.io\/wp-content\/uploads\/elementor\/thumbs\/Avanti_BW-rdaypmqzowfr3f3gqu46ouys0hmss07ntphxil8cu8.jpg\" title=\"Screenshot\" alt=\"Screenshot\" loading=\"lazy\" \/>\t\t\t\t\t\t\t\t<\/a>\n\t\t\t\t\t\t\t\t\t\t\t\t\t\t\t<\/div>\n\t\t\t\t<\/div>\n\t\t\t\t<div class=\"elementor-element elementor-element-028633e elementor-widget elementor-widget-image\" data-id=\"028633e\" data-element_type=\"widget\" data-widget_type=\"image.default\">\n\t\t\t\t<div class=\"elementor-widget-container\">\n\t\t\t\t\t\t\t\t\t\t\t\t\t\t\t\t<a href=\"https:\/\/www.facebook.com\/groups\/280839686227709\">\n\t\t\t\t\t\t\t<img decoding=\"async\" src=\"https:\/\/agflo.io\/wp-content\/uploads\/elementor\/thumbs\/SaintHuguesBW-rdaypmqzowfv6qkbm1uoea4s39bn16lwcelhx6jchs.png\" title=\"SaintHuguesBW\" alt=\"SaintHuguesBW\" loading=\"lazy\" \/>\t\t\t\t\t\t\t\t<\/a>\n\t\t\t\t\t\t\t\t\t\t\t\t\t\t\t<\/div>\n\t\t\t\t<\/div>\n\t\t\t\t<div class=\"elementor-element elementor-element-8a9e560 elementor-widget elementor-widget-image\" data-id=\"8a9e560\" data-element_type=\"widget\" data-widget_type=\"image.default\">\n\t\t\t\t<div class=\"elementor-widget-container\">\n\t\t\t\t\t\t\t\t\t\t\t\t\t\t\t\t<a href=\"https:\/\/www.hypor.com\">\n\t\t\t\t\t\t\t<img decoding=\"async\" src=\"https:\/\/agflo.io\/wp-content\/uploads\/elementor\/thumbs\/HyporBW-rdaypmqzowfv6qkbm1uoea4s39bn16lwcelhx6jchs.png\" title=\"HyporBW\" alt=\"HyporBW\" loading=\"lazy\" \/>\t\t\t\t\t\t\t\t<\/a>\n\t\t\t\t\t\t\t\t\t\t\t\t\t\t\t<\/div>\n\t\t\t\t<\/div>\n\t\t\t\t<\/div>\n\t\t\t\t\t<\/div>\n\t\t\t\t<\/div>\n\t\t<div class=\"elementor-element elementor-element-e0453a4 e-con-full e-flex e-con e-parent\" data-id=\"e0453a4\" data-element_type=\"container\" data-settings=\"{&quot;background_background&quot;:&quot;classic&quot;}\" data-no-translation=\"\">\n\t\t\t\t<div class=\"elementor-element elementor-element-9634c0a elementor-widget elementor-widget-html\" data-id=\"9634c0a\" data-element_type=\"widget\" data-widget_type=\"html.default\">\n\t\t\t\t<div class=\"elementor-widget-container\">\n\t\t\t\t\t<iframe aria-label='Contact Us' frameborder=\"0\" style=\"min-height: 800px; overflow: auto;width:99%;border:none;\" src='https:\/\/forms.zohopublic.ca\/agfloportal1\/form\/ContactUsv2\/formperma\/4JPymvQGGPznEKYkxLeWliUfal5K3bBytaOIjHIE6WM'><\/iframe>\t\t\t\t<\/div>\n\t\t\t\t<\/div>\n\t\t\t\t<\/div>\n\t\t\t\t<\/div>","protected":false},"excerpt":{"rendered":"<p>Surveillez vos inventaires. De n&rsquo;importe o\u00f9. N&rsquo;importe quand. La solution de gestion d&rsquo;inventaire de silo d&rsquo;AgFlo AgFlo : des rapports d\u2019inventaire pr\u00e9dictifs propuls\u00e9s par l\u2019intelligence artificielle Capteurs sans fil : un par silo, \u00e0 ultrasons, se fixent sur l\u2019ouverture du silo, auto-nivelants, connectivit\u00e9 LTE, aliment\u00e9s par pile Installation sans effort : 15 minutes, r\u00e9alis\u00e9e par [&hellip;]<\/p>","protected":false},"author":2,"featured_media":0,"parent":0,"menu_order":0,"comment_status":"closed","ping_status":"closed","template":"elementor_header_footer","meta":{"footnotes":""},"class_list":["post-532","page","type-page","status-publish","hentry"],"_links":{"self":[{"href":"https:\/\/agflo.io\/en\/wp-json\/wp\/v2\/pages\/532","targetHints":{"allow":["GET"]}}],"collection":[{"href":"https:\/\/agflo.io\/en\/wp-json\/wp\/v2\/pages"}],"about":[{"href":"https:\/\/agflo.io\/en\/wp-json\/wp\/v2\/types\/page"}],"author":[{"embeddable":true,"href":"https:\/\/agflo.io\/en\/wp-json\/wp\/v2\/users\/2"}],"replies":[{"embeddable":true,"href":"https:\/\/agflo.io\/en\/wp-json\/wp\/v2\/comments?post=532"}],"version-history":[{"count":137,"href":"https:\/\/agflo.io\/en\/wp-json\/wp\/v2\/pages\/532\/revisions"}],"predecessor-version":[{"id":1607,"href":"https:\/\/agflo.io\/en\/wp-json\/wp\/v2\/pages\/532\/revisions\/1607"}],"wp:attachment":[{"href":"https:\/\/agflo.io\/en\/wp-json\/wp\/v2\/media?parent=532"}],"curies":[{"name":"wp","href":"https:\/\/api.w.org\/{rel}","templated":true}]}}