{"id":568,"date":"2025-10-16T10:59:25","date_gmt":"2025-10-16T14:59:25","guid":{"rendered":"https:\/\/agflo.io\/?page_id=568"},"modified":"2026-03-13T10:48:09","modified_gmt":"2026-03-13T14:48:09","slug":"the-team","status":"publish","type":"page","link":"https:\/\/agflo.io\/en\/the-team\/","title":{"rendered":"The Team"},"content":{"rendered":"<div data-elementor-type=\"wp-page\" data-elementor-id=\"568\" class=\"elementor elementor-568\" data-elementor-post-type=\"page\">\n\t\t\t\t<div class=\"elementor-element elementor-element-b3c80b7 e-flex e-con-boxed e-con e-parent\" data-id=\"b3c80b7\" data-element_type=\"container\">\n\t\t\t\t\t<div class=\"e-con-inner\">\n\t\t\t\t<div class=\"elementor-element elementor-element-e5c9474 elementor-widget elementor-widget-heading\" data-id=\"e5c9474\" data-element_type=\"widget\" data-widget_type=\"heading.default\">\n\t\t\t\t<div class=\"elementor-widget-container\">\n\t\t\t\t\t<h1 class=\"elementor-heading-title elementor-size-default\">Leadership Team<\/h1>\t\t\t\t<\/div>\n\t\t\t\t<\/div>\n\t\t\t\t\t<\/div>\n\t\t\t\t<\/div>\n\t\t<div class=\"elementor-element elementor-element-2e3280f e-flex e-con-boxed e-con e-parent\" data-id=\"2e3280f\" data-element_type=\"container\">\n\t\t\t\t\t<div class=\"e-con-inner\">\n\t\t\t\t<div class=\"elementor-element elementor-element-4fd7ef0 elementor-widget elementor-widget-image\" data-id=\"4fd7ef0\" data-element_type=\"widget\" data-widget_type=\"image.default\">\n\t\t\t\t<div class=\"elementor-widget-container\">\n\t\t\t\t\t\t\t\t\t\t\t\t\t\t\t<img fetchpriority=\"high\" decoding=\"async\" width=\"1920\" height=\"1280\" src=\"https:\/\/agflo.io\/wp-content\/uploads\/2025\/10\/Team_w.jpg\" class=\"attachment-full size-full wp-image-570\" alt=\"\" srcset=\"https:\/\/agflo.io\/wp-content\/uploads\/2025\/10\/Team_w.jpg 1920w, https:\/\/agflo.io\/wp-content\/uploads\/2025\/10\/Team_w-300x200.jpg 300w, https:\/\/agflo.io\/wp-content\/uploads\/2025\/10\/Team_w-1024x683.jpg 1024w, https:\/\/agflo.io\/wp-content\/uploads\/2025\/10\/Team_w-768x512.jpg 768w, https:\/\/agflo.io\/wp-content\/uploads\/2025\/10\/Team_w-1536x1024.jpg 1536w, https:\/\/agflo.io\/wp-content\/uploads\/2025\/10\/Team_w-18x12.jpg 18w\" sizes=\"(max-width: 1920px) 100vw, 1920px\" \/>\t\t\t\t\t\t\t\t\t\t\t\t\t\t\t<\/div>\n\t\t\t\t<\/div>\n\t\t\t\t\t<\/div>\n\t\t\t\t<\/div>\n\t\t<div class=\"elementor-element elementor-element-077d5b1 e-flex e-con-boxed e-con e-parent\" data-id=\"077d5b1\" data-element_type=\"container\">\n\t\t\t\t\t<div class=\"e-con-inner\">\n\t\t\t\t<div class=\"elementor-element elementor-element-f31a822 elementor-widget elementor-widget-heading\" data-id=\"f31a822\" data-element_type=\"widget\" data-widget_type=\"heading.default\">\n\t\t\t\t<div class=\"elementor-widget-container\">\n\t\t\t\t\t<h3 class=\"elementor-heading-title elementor-size-default\">A team combining deep agricultural expertise, product design, and technology development.<\/h3>\t\t\t\t<\/div>\n\t\t\t\t<\/div>\n\t\t\t\t\t<\/div>\n\t\t\t\t<\/div>\n\t\t<div class=\"elementor-element elementor-element-0cb679d e-flex e-con-boxed e-con e-parent\" data-id=\"0cb679d\" data-element_type=\"container\">\n\t\t\t\t\t<div class=\"e-con-inner\">\n\t\t<div class=\"elementor-element elementor-element-ec396a9 e-con-full e-flex e-con e-child\" data-id=\"ec396a9\" data-element_type=\"container\">\n\t\t\t\t<div class=\"elementor-element elementor-element-42283c0 elementor-widget elementor-widget-image\" data-id=\"42283c0\" data-element_type=\"widget\" data-widget_type=\"image.default\">\n\t\t\t\t<div class=\"elementor-widget-container\">\n\t\t\t\t\t\t\t\t\t\t\t\t\t\t\t<img decoding=\"async\" width=\"800\" height=\"800\" src=\"https:\/\/agflo.io\/wp-content\/uploads\/2025\/10\/Francois_w.jpg\" class=\"attachment-large size-large wp-image-571\" alt=\"\" srcset=\"https:\/\/agflo.io\/wp-content\/uploads\/2025\/10\/Francois_w.jpg 1000w, https:\/\/agflo.io\/wp-content\/uploads\/2025\/10\/Francois_w-300x300.jpg 300w, https:\/\/agflo.io\/wp-content\/uploads\/2025\/10\/Francois_w-150x150.jpg 150w, https:\/\/agflo.io\/wp-content\/uploads\/2025\/10\/Francois_w-768x768.jpg 768w, https:\/\/agflo.io\/wp-content\/uploads\/2025\/10\/Francois_w-12x12.jpg 12w\" sizes=\"(max-width: 800px) 100vw, 800px\" \/>\t\t\t\t\t\t\t\t\t\t\t\t\t\t\t<\/div>\n\t\t\t\t<\/div>\n\t\t\t\t<\/div>\n\t\t<div class=\"elementor-element elementor-element-accb540 e-con-full e-flex e-con e-child\" data-id=\"accb540\" data-element_type=\"container\">\n\t\t\t\t<div class=\"elementor-element elementor-element-01d68a4 elementor-widget elementor-widget-heading\" data-id=\"01d68a4\" data-element_type=\"widget\" data-widget_type=\"heading.default\">\n\t\t\t\t<div class=\"elementor-widget-container\">\n\t\t\t\t\t<h3 class=\"elementor-heading-title elementor-size-default\">Francois Roy<\/h3>\t\t\t\t<\/div>\n\t\t\t\t<\/div>\n\t\t\t\t<div class=\"elementor-element elementor-element-2666b7a elementor-widget elementor-widget-heading\" data-id=\"2666b7a\" data-element_type=\"widget\" data-widget_type=\"heading.default\">\n\t\t\t\t<div class=\"elementor-widget-container\">\n\t\t\t\t\t<h4 class=\"elementor-heading-title elementor-size-default\">CEO &amp; Founder<\/h4>\t\t\t\t<\/div>\n\t\t\t\t<\/div>\n\t\t\t\t<div class=\"elementor-element elementor-element-f1ffe03 elementor-widget elementor-widget-text-editor\" data-id=\"f1ffe03\" data-element_type=\"widget\" data-widget_type=\"text-editor.default\">\n\t\t\t\t<div class=\"elementor-widget-container\">\n\t\t\t\t\t\t\t\t\t<p><strong>Technology entrepreneur with over 20 years of experience building and commercializing technology products.<\/strong><\/p><p>Francois Roy is the founder and CEO of AgFlo. He brings more than 20 years of experience in technology development, product innovation, and commercialization.<\/p><p>Before founding AgFlo, he founded Axceta, a company specializing in electronic design and technology product development. Through Axceta, he led numerous technology projects from concept to market launch, including projects in the agricultural sector, for organizations whose products are deployed in multiple international markets.<\/p><p>At AgFlo, Francois draws on this experience to make feed inventory management simpler, more reliable, and more profitable for producers and feed mills. He leads the company with a strong focus on operational efficiency and delivering real value to customers.<\/p>\t\t\t\t\t\t\t\t<\/div>\n\t\t\t\t<\/div>\n\t\t\t\t<div class=\"elementor-element elementor-element-aaa1aeb elementor-widget elementor-widget-button\" data-id=\"aaa1aeb\" data-element_type=\"widget\" data-widget_type=\"button.default\">\n\t\t\t\t<div class=\"elementor-widget-container\">\n\t\t\t\t\t\t\t\t\t<div class=\"elementor-button-wrapper\">\n\t\t\t\t\t<a class=\"elementor-button elementor-button-link elementor-size-sm\" href=\"https:\/\/www.linkedin.com\/in\/royfrancois\/\">\n\t\t\t\t\t\t<span class=\"elementor-button-content-wrapper\">\n\t\t\t\t\t\t\t\t\t<span class=\"elementor-button-text\">LinkedIn<\/span>\n\t\t\t\t\t<\/span>\n\t\t\t\t\t<\/a>\n\t\t\t\t<\/div>\n\t\t\t\t\t\t\t\t<\/div>\n\t\t\t\t<\/div>\n\t\t\t\t<\/div>\n\t\t\t\t\t<\/div>\n\t\t\t\t<\/div>\n\t\t<div class=\"elementor-element elementor-element-e032ba1 e-flex e-con-boxed e-con e-parent\" data-id=\"e032ba1\" data-element_type=\"container\">\n\t\t\t\t\t<div class=\"e-con-inner\">\n\t\t<div class=\"elementor-element elementor-element-ac5a0be e-con-full e-flex e-con e-child\" data-id=\"ac5a0be\" data-element_type=\"container\">\n\t\t\t\t<div class=\"elementor-element elementor-element-8799412 elementor-widget elementor-widget-image\" data-id=\"8799412\" data-element_type=\"widget\" data-widget_type=\"image.default\">\n\t\t\t\t<div class=\"elementor-widget-container\">\n\t\t\t\t\t\t\t\t\t\t\t\t\t\t\t<img decoding=\"async\" width=\"800\" height=\"800\" src=\"https:\/\/agflo.io\/wp-content\/uploads\/2025\/10\/MARTIN_W.jpg\" class=\"attachment-large size-large wp-image-573\" alt=\"\" srcset=\"https:\/\/agflo.io\/wp-content\/uploads\/2025\/10\/MARTIN_W.jpg 1000w, https:\/\/agflo.io\/wp-content\/uploads\/2025\/10\/MARTIN_W-300x300.jpg 300w, https:\/\/agflo.io\/wp-content\/uploads\/2025\/10\/MARTIN_W-150x150.jpg 150w, https:\/\/agflo.io\/wp-content\/uploads\/2025\/10\/MARTIN_W-768x768.jpg 768w, https:\/\/agflo.io\/wp-content\/uploads\/2025\/10\/MARTIN_W-12x12.jpg 12w\" sizes=\"(max-width: 800px) 100vw, 800px\" \/>\t\t\t\t\t\t\t\t\t\t\t\t\t\t\t<\/div>\n\t\t\t\t<\/div>\n\t\t\t\t<\/div>\n\t\t<div class=\"elementor-element elementor-element-267afb8 e-con-full e-flex e-con e-child\" data-id=\"267afb8\" data-element_type=\"container\">\n\t\t\t\t<div class=\"elementor-element elementor-element-e0c3524 elementor-widget elementor-widget-heading\" data-id=\"e0c3524\" data-element_type=\"widget\" data-widget_type=\"heading.default\">\n\t\t\t\t<div class=\"elementor-widget-container\">\n\t\t\t\t\t<h3 class=\"elementor-heading-title elementor-size-default\">Martin Faubert<\/h3>\t\t\t\t<\/div>\n\t\t\t\t<\/div>\n\t\t\t\t<div class=\"elementor-element elementor-element-bf14916 elementor-widget elementor-widget-heading\" data-id=\"bf14916\" data-element_type=\"widget\" data-widget_type=\"heading.default\">\n\t\t\t\t<div class=\"elementor-widget-container\">\n\t\t\t\t\t<h4 class=\"elementor-heading-title elementor-size-default\">VP Products<\/h4>\t\t\t\t<\/div>\n\t\t\t\t<\/div>\n\t\t\t\t<div class=\"elementor-element elementor-element-e468004 elementor-widget elementor-widget-text-editor\" data-id=\"e468004\" data-element_type=\"widget\" data-widget_type=\"text-editor.default\">\n\t\t\t\t<div class=\"elementor-widget-container\">\n\t\t\t\t\t\t\t\t\t<p data-start=\"170\" data-end=\"608\"><strong data-start=\"170\" data-end=\"189\">As VP Products, Martin leads products development and manufacturing at AgFlo. <\/strong><\/p><p data-start=\"170\" data-end=\"608\">A passionate designer, builder, and intrapreneur, he brings more than twenty years of experience developing hardware products and services. Holding a bachelor\u2019s degree in industrial design, he has contributed to the creation of numerous products, always driven by the desire to transform ideas into practical and lasting solutions.<\/p><p data-start=\"610\" data-end=\"980\">Recognized for his ability to build and mobilize teams around a clear vision, Martin excels at bringing innovative concepts to life and turning complex challenges into tangible opportunities for growth and impact.<\/p><p data-start=\"982\" data-end=\"1339\">After two decades pushing the boundaries of design across multiple industries, he chose to focus on agriculture, where innovation and purpose intersect. Driven by curiosity and a human centered approach, he strives to deeply understand real user needs and create products that deliver meaningful and lasting value.<\/p><p data-start=\"1341\" data-end=\"1659\">Driven by constant curiosity and a human-centered approach, Martin strives to deeply understand the contexts and real needs of users. He aims not only to meet those needs, but to exceed them, creating products that have a clear purpose and leave a lasting impact.<\/p>\t\t\t\t\t\t\t\t<\/div>\n\t\t\t\t<\/div>\n\t\t\t\t<div class=\"elementor-element elementor-element-bb06b37 elementor-widget elementor-widget-button\" data-id=\"bb06b37\" data-element_type=\"widget\" data-widget_type=\"button.default\">\n\t\t\t\t<div class=\"elementor-widget-container\">\n\t\t\t\t\t\t\t\t\t<div class=\"elementor-button-wrapper\">\n\t\t\t\t\t<a class=\"elementor-button elementor-button-link elementor-size-sm\" href=\"https:\/\/www.linkedin.com\/in\/martinfaubert\/\">\n\t\t\t\t\t\t<span class=\"elementor-button-content-wrapper\">\n\t\t\t\t\t\t\t\t\t<span class=\"elementor-button-text\">LinkedIn<\/span>\n\t\t\t\t\t<\/span>\n\t\t\t\t\t<\/a>\n\t\t\t\t<\/div>\n\t\t\t\t\t\t\t\t<\/div>\n\t\t\t\t<\/div>\n\t\t\t\t<\/div>\n\t\t\t\t\t<\/div>\n\t\t\t\t<\/div>\n\t\t<div class=\"elementor-element elementor-element-49f60c8 e-flex e-con-boxed e-con e-parent\" data-id=\"49f60c8\" data-element_type=\"container\">\n\t\t\t\t\t<div class=\"e-con-inner\">\n\t\t<div class=\"elementor-element elementor-element-dcdb513 e-con-full e-flex e-con e-child\" data-id=\"dcdb513\" data-element_type=\"container\">\n\t\t\t\t<div class=\"elementor-element elementor-element-91223e0 elementor-widget elementor-widget-image\" data-id=\"91223e0\" data-element_type=\"widget\" data-widget_type=\"image.default\">\n\t\t\t\t<div class=\"elementor-widget-container\">\n\t\t\t\t\t\t\t\t\t\t\t\t\t\t\t<img loading=\"lazy\" decoding=\"async\" width=\"800\" height=\"800\" src=\"https:\/\/agflo.io\/wp-content\/uploads\/2025\/10\/Simon_w.jpg\" class=\"attachment-large size-large wp-image-572\" alt=\"\" srcset=\"https:\/\/agflo.io\/wp-content\/uploads\/2025\/10\/Simon_w.jpg 1000w, https:\/\/agflo.io\/wp-content\/uploads\/2025\/10\/Simon_w-300x300.jpg 300w, https:\/\/agflo.io\/wp-content\/uploads\/2025\/10\/Simon_w-150x150.jpg 150w, https:\/\/agflo.io\/wp-content\/uploads\/2025\/10\/Simon_w-768x768.jpg 768w, https:\/\/agflo.io\/wp-content\/uploads\/2025\/10\/Simon_w-12x12.jpg 12w\" sizes=\"(max-width: 800px) 100vw, 800px\" \/>\t\t\t\t\t\t\t\t\t\t\t\t\t\t\t<\/div>\n\t\t\t\t<\/div>\n\t\t\t\t<\/div>\n\t\t<div class=\"elementor-element elementor-element-cf2a910 e-con-full e-flex e-con e-child\" data-id=\"cf2a910\" data-element_type=\"container\">\n\t\t\t\t<div class=\"elementor-element elementor-element-e91c2d6 elementor-widget elementor-widget-heading\" data-id=\"e91c2d6\" data-element_type=\"widget\" data-widget_type=\"heading.default\">\n\t\t\t\t<div class=\"elementor-widget-container\">\n\t\t\t\t\t<h3 class=\"elementor-heading-title elementor-size-default\">Simon Gagn\u00e9<\/h3>\t\t\t\t<\/div>\n\t\t\t\t<\/div>\n\t\t\t\t<div class=\"elementor-element elementor-element-51867d7 elementor-widget elementor-widget-heading\" data-id=\"51867d7\" data-element_type=\"widget\" data-widget_type=\"heading.default\">\n\t\t\t\t<div class=\"elementor-widget-container\">\n\t\t\t\t\t<h4 class=\"elementor-heading-title elementor-size-default\">Director of Business Development<\/h4>\t\t\t\t<\/div>\n\t\t\t\t<\/div>\n\t\t\t\t<div class=\"elementor-element elementor-element-d836cdf elementor-widget elementor-widget-text-editor\" data-id=\"d836cdf\" data-element_type=\"widget\" data-widget_type=\"text-editor.default\">\n\t\t\t\t<div class=\"elementor-widget-container\">\n\t\t\t\t\t\t\t\t\t<p><b>Over 30 years of experience in agriculture, from pig production to international business development.<\/b><\/p><p>Simon Gagn\u00e9 began his career working on a pig farm, where he developed a deep passion for agriculture, its realities, and the people behind it.<\/p><p>Over the years, this passion led him to management roles and eventually to business development positions at both national and international levels, working with producers, companies, and partners around the world.<\/p><p>Driven by a desire to solve real problems and create value, Simon places customer success at the center of his work. Being accessible, attentive, and committed to his clients\u2019 success is a core part of how he operates.<\/p><p>At AgFlo, he leverages his field and strategic experience to help producers and feed mills adopt technology that is simple, effective, and economically valuable, while building strong, long term relationships.<\/p>\t\t\t\t\t\t\t\t<\/div>\n\t\t\t\t<\/div>\n\t\t\t\t<div class=\"elementor-element elementor-element-2c02223 elementor-widget elementor-widget-button\" data-id=\"2c02223\" data-element_type=\"widget\" data-widget_type=\"button.default\">\n\t\t\t\t<div class=\"elementor-widget-container\">\n\t\t\t\t\t\t\t\t\t<div class=\"elementor-button-wrapper\">\n\t\t\t\t\t<a class=\"elementor-button elementor-button-link elementor-size-sm\" href=\"https:\/\/www.linkedin.com\/in\/simon-gagn\u00e9\/\">\n\t\t\t\t\t\t<span class=\"elementor-button-content-wrapper\">\n\t\t\t\t\t\t\t\t\t<span class=\"elementor-button-text\">LinkedIn<\/span>\n\t\t\t\t\t<\/span>\n\t\t\t\t\t<\/a>\n\t\t\t\t<\/div>\n\t\t\t\t\t\t\t\t<\/div>\n\t\t\t\t<\/div>\n\t\t\t\t<\/div>\n\t\t\t\t\t<\/div>\n\t\t\t\t<\/div>\n\t\t<div class=\"elementor-element elementor-element-e761d68 e-flex e-con-boxed e-con e-parent\" data-id=\"e761d68\" data-element_type=\"container\">\n\t\t\t\t\t<div class=\"e-con-inner\">\n\t\t\t\t<div class=\"elementor-element elementor-element-36b08e9 elementor-widget-divider--view-line elementor-widget elementor-widget-divider\" data-id=\"36b08e9\" data-element_type=\"widget\" data-widget_type=\"divider.default\">\n\t\t\t\t<div class=\"elementor-widget-container\">\n\t\t\t\t\t\t\t<div class=\"elementor-divider\">\n\t\t\t<span class=\"elementor-divider-separator\">\n\t\t\t\t\t\t<\/span>\n\t\t<\/div>\n\t\t\t\t\t\t<\/div>\n\t\t\t\t<\/div>\n\t\t\t\t\t<\/div>\n\t\t\t\t<\/div>\n\t\t<div class=\"elementor-element elementor-element-19aa359 e-flex e-con-boxed e-con e-parent\" data-id=\"19aa359\" data-element_type=\"container\">\n\t\t\t\t\t<div class=\"e-con-inner\">\n\t\t\t\t<div class=\"elementor-element elementor-element-1890e46 elementor-widget elementor-widget-text-editor\" data-id=\"1890e46\" data-element_type=\"widget\" data-widget_type=\"text-editor.default\">\n\t\t\t\t<div class=\"elementor-widget-container\">\n\t\t\t\t\t\t\t\t\t<p style=\"text-align: center;\">Contact Us, our team is ready to help you!<\/p>\t\t\t\t\t\t\t\t<\/div>\n\t\t\t\t<\/div>\n\t\t\t\t<div class=\"elementor-element elementor-element-a79c594 elementor-align-center elementor-widget elementor-widget-button\" data-id=\"a79c594\" data-element_type=\"widget\" data-widget_type=\"button.default\">\n\t\t\t\t<div class=\"elementor-widget-container\">\n\t\t\t\t\t\t\t\t\t<div class=\"elementor-button-wrapper\">\n\t\t\t\t\t<a class=\"elementor-button elementor-button-link elementor-size-sm\" href=\"\/en\/contact-us\/\">\n\t\t\t\t\t\t<span class=\"elementor-button-content-wrapper\">\n\t\t\t\t\t\t\t\t\t<span class=\"elementor-button-text\">Contact Us<\/span>\n\t\t\t\t\t<\/span>\n\t\t\t\t\t<\/a>\n\t\t\t\t<\/div>\n\t\t\t\t\t\t\t\t<\/div>\n\t\t\t\t<\/div>\n\t\t\t\t\t<\/div>\n\t\t\t\t<\/div>\n\t\t\t\t<\/div>","protected":false},"excerpt":{"rendered":"<p>\u00c9quipe de direction Une \u00e9quipe qui combine expertise agricole, d\u00e9veloppement de produits et technologies. Francois Roy CEO et Fondateur Entrepreneur technologique avec plus de 20 ans d\u2019exp\u00e9rience en d\u00e9veloppement et commercialisation de technologies. Francois Roy est entrepreneur, fondateur et CEO d\u2019AgFlo, o\u00f9 il agit comme CEO. Il cumule plus de 20 ans d\u2019exp\u00e9rience en d\u00e9veloppement [&hellip;]<\/p>","protected":false},"author":2,"featured_media":0,"parent":0,"menu_order":0,"comment_status":"closed","ping_status":"closed","template":"","meta":{"footnotes":""},"class_list":["post-568","page","type-page","status-publish","hentry"],"_links":{"self":[{"href":"https:\/\/agflo.io\/en\/wp-json\/wp\/v2\/pages\/568","targetHints":{"allow":["GET"]}}],"collection":[{"href":"https:\/\/agflo.io\/en\/wp-json\/wp\/v2\/pages"}],"about":[{"href":"https:\/\/agflo.io\/en\/wp-json\/wp\/v2\/types\/page"}],"author":[{"embeddable":true,"href":"https:\/\/agflo.io\/en\/wp-json\/wp\/v2\/users\/2"}],"replies":[{"embeddable":true,"href":"https:\/\/agflo.io\/en\/wp-json\/wp\/v2\/comments?post=568"}],"version-history":[{"count":66,"href":"https:\/\/agflo.io\/en\/wp-json\/wp\/v2\/pages\/568\/revisions"}],"predecessor-version":[{"id":1649,"href":"https:\/\/agflo.io\/en\/wp-json\/wp\/v2\/pages\/568\/revisions\/1649"}],"wp:attachment":[{"href":"https:\/\/agflo.io\/en\/wp-json\/wp\/v2\/media?parent=568"}],"curies":[{"name":"wp","href":"https:\/\/api.w.org\/{rel}","templated":true}]}}