{"id":577,"date":"2025-10-16T13:20:04","date_gmt":"2025-10-16T17:20:04","guid":{"rendered":"https:\/\/agflo.io\/?page_id=577"},"modified":"2026-01-27T14:42:57","modified_gmt":"2026-01-27T19:42:57","slug":"techsupport","status":"publish","type":"page","link":"https:\/\/agflo.io\/en\/techsupport\/","title":{"rendered":"Technical Support"},"content":{"rendered":"<div data-elementor-type=\"wp-page\" data-elementor-id=\"577\" class=\"elementor elementor-577\" data-elementor-post-type=\"page\">\n\t\t\t\t<div class=\"elementor-element elementor-element-84e36a1 e-flex e-con-boxed e-con e-parent\" data-id=\"84e36a1\" data-element_type=\"container\">\n\t\t\t\t\t<div class=\"e-con-inner\">\n\t\t\t\t\t<\/div>\n\t\t\t\t<\/div>\n\t\t<div class=\"elementor-element elementor-element-090e6d4 e-flex e-con-boxed e-con e-parent\" data-id=\"090e6d4\" data-element_type=\"container\">\n\t\t\t\t\t<div class=\"e-con-inner\">\n\t\t\t\t<div class=\"elementor-element elementor-element-9c11b2c elementor-widget elementor-widget-heading\" data-id=\"9c11b2c\" data-element_type=\"widget\" data-widget_type=\"heading.default\">\n\t\t\t\t<div class=\"elementor-widget-container\">\n\t\t\t\t\t<h1 class=\"elementor-heading-title elementor-size-default\">Technical Support<\/h1>\t\t\t\t<\/div>\n\t\t\t\t<\/div>\n\t\t\t\t<div class=\"elementor-element elementor-element-7f4d371 elementor-widget elementor-widget-image\" data-id=\"7f4d371\" data-element_type=\"widget\" data-widget_type=\"image.default\">\n\t\t\t\t<div class=\"elementor-widget-container\">\n\t\t\t\t\t\t\t\t\t\t\t\t\t\t\t<img fetchpriority=\"high\" decoding=\"async\" width=\"800\" height=\"450\" src=\"https:\/\/agflo.io\/wp-content\/uploads\/2025\/11\/Sequence-01.00_00_34_21.Still001-1024x576.jpg\" class=\"attachment-large size-large wp-image-1488\" alt=\"\" srcset=\"https:\/\/agflo.io\/wp-content\/uploads\/2025\/11\/Sequence-01.00_00_34_21.Still001-1024x576.jpg 1024w, https:\/\/agflo.io\/wp-content\/uploads\/2025\/11\/Sequence-01.00_00_34_21.Still001-300x169.jpg 300w, https:\/\/agflo.io\/wp-content\/uploads\/2025\/11\/Sequence-01.00_00_34_21.Still001-768x432.jpg 768w, https:\/\/agflo.io\/wp-content\/uploads\/2025\/11\/Sequence-01.00_00_34_21.Still001-1536x864.jpg 1536w, https:\/\/agflo.io\/wp-content\/uploads\/2025\/11\/Sequence-01.00_00_34_21.Still001-18x10.jpg 18w, https:\/\/agflo.io\/wp-content\/uploads\/2025\/11\/Sequence-01.00_00_34_21.Still001.jpg 1920w\" sizes=\"(max-width: 800px) 100vw, 800px\" \/>\t\t\t\t\t\t\t\t\t\t\t\t\t\t\t<\/div>\n\t\t\t\t<\/div>\n\t\t\t\t\t<\/div>\n\t\t\t\t<\/div>\n\t\t<div class=\"elementor-element elementor-element-876c5bf e-flex e-con-boxed e-con e-parent\" data-id=\"876c5bf\" data-element_type=\"container\">\n\t\t\t\t\t<div class=\"e-con-inner\">\n\t\t<div class=\"elementor-element elementor-element-f657063 e-con-full e-flex e-con e-child\" data-id=\"f657063\" data-element_type=\"container\">\n\t\t\t\t<div class=\"elementor-element elementor-element-150f84a elementor-widget elementor-widget-text-editor\" data-id=\"150f84a\" data-element_type=\"widget\" data-no-translation=\"\" data-widget_type=\"text-editor.default\">\n\t\t\t\t<div class=\"elementor-widget-container\">\n\t\t\t\t\t<style>.elementor-element-150f84a{display:none !important}<\/style>\t\t\t\t<\/div>\n\t\t\t\t<\/div>\n\t\t\t\t<div class=\"elementor-element elementor-element-0cca861 elementor-widget elementor-widget-text-editor\" data-id=\"0cca861\" data-element_type=\"widget\" data-no-translation=\"\" data-widget_type=\"text-editor.default\">\n\t\t\t\t<div class=\"elementor-widget-container\">\n\t\t\t\t\t\t\t\t\t<p><strong>We\u2019re Here to Help<\/strong><\/p><p>Whether you\u2019re setting up your connected silos or troubleshooting a specific issue, our support resources are here to guide you every step of the way.<\/p><p><strong>Looking for details?<\/strong><br \/>Download the <strong><a href=\"\/doc_installation\/en\">User Manual<\/a><\/strong> for step-by-step instructions and technical specifications.<\/p><p><strong>Prefer video guidance?<\/strong><br \/>Watch our <a href=\"https:\/\/youtu.be\/UXMvU3pdpvU\"><strong>Installation Video<\/strong><\/a> to see how easy setup can be.<\/p><p><strong>Still need assistance?<br \/><\/strong>Use the Support Contact form, our support team is just a message away!<\/p>\t\t\t\t\t\t\t\t<\/div>\n\t\t\t\t<\/div>\n\t\t\t\t<\/div>\n\t\t<div class=\"elementor-element elementor-element-dc3b515 e-con-full e-flex e-con e-child\" data-id=\"dc3b515\" data-element_type=\"container\">\n\t\t\t\t<div class=\"elementor-element elementor-element-99cf7c6 elementor-widget elementor-widget-html\" data-id=\"99cf7c6\" data-element_type=\"widget\" data-no-translation=\"\" data-widget_type=\"html.default\">\n\t\t\t\t<div class=\"elementor-widget-container\">\n\t\t\t\t\t<style>.elementor-element-99cf7c6{display:none !important}<\/style>\t\t\t\t<\/div>\n\t\t\t\t<\/div>\n\t\t\t\t<div class=\"elementor-element elementor-element-eb0f2df elementor-widget elementor-widget-html\" data-id=\"eb0f2df\" data-element_type=\"widget\" data-no-translation=\"\" data-widget_type=\"html.default\">\n\t\t\t\t<div class=\"elementor-widget-container\">\n\t\t\t\t\t<iframe aria-label='Formulaire de demande d'assistance ' frameborder=\"0\" style=\"min-height: 800px; overflow: auto;width:99%;border:none;\" src='https:\/\/forms.zohopublic.ca\/agfloportal1\/form\/SupportContactForm1\/formperma\/bFgHbaOy-N5dW4667O97VKDVK8-NlET8KSsH-TvsIAQ'><\/iframe>\t\t\t\t<\/div>\n\t\t\t\t<\/div>\n\t\t\t\t<\/div>\n\t\t\t\t\t<\/div>\n\t\t\t\t<\/div>\n\t\t<div class=\"elementor-element elementor-element-a711ee7 e-flex e-con-boxed e-con e-parent\" data-id=\"a711ee7\" data-element_type=\"container\">\n\t\t\t\t\t<div class=\"e-con-inner\">\n\t\t\t\t<div class=\"elementor-element elementor-element-6eeca43 elementor-widget elementor-widget-image\" data-id=\"6eeca43\" data-element_type=\"widget\" data-widget_type=\"image.default\">\n\t\t\t\t<div class=\"elementor-widget-container\">\n\t\t\t\t\t\t\t\t\t\t\t\t\t\t\t<img decoding=\"async\" width=\"800\" height=\"602\" src=\"https:\/\/agflo.io\/wp-content\/uploads\/2025\/10\/OnTopOfSilo_w-1024x771.jpg\" class=\"attachment-large size-large wp-image-582\" alt=\"\" srcset=\"https:\/\/agflo.io\/wp-content\/uploads\/2025\/10\/OnTopOfSilo_w-1024x771.jpg 1024w, https:\/\/agflo.io\/wp-content\/uploads\/2025\/10\/OnTopOfSilo_w-300x226.jpg 300w, https:\/\/agflo.io\/wp-content\/uploads\/2025\/10\/OnTopOfSilo_w-768x579.jpg 768w, https:\/\/agflo.io\/wp-content\/uploads\/2025\/10\/OnTopOfSilo_w-16x12.jpg 16w, https:\/\/agflo.io\/wp-content\/uploads\/2025\/10\/OnTopOfSilo_w.jpg 1200w\" sizes=\"(max-width: 800px) 100vw, 800px\" \/>\t\t\t\t\t\t\t\t\t\t\t\t\t\t\t<\/div>\n\t\t\t\t<\/div>\n\t\t\t\t\t<\/div>\n\t\t\t\t<\/div>\n\t\t\t\t<\/div>","protected":false},"excerpt":{"rendered":"<p>Support Technique Nous sommes l\u00e0 pour vous aider En train d\u2019installer vos silos connect\u00e9s ou besoin de r\u00e9soudre un probl\u00e8me pr\u00e9cis? Nos ressources de soutien sont l\u00e0 pour vous guider \u00e0 chaque \u00e9tape. Vous cherchez plus de d\u00e9tails ?T\u00e9l\u00e9chargez le manuel de l\u2019utilisateur pour des instructions \u00e9tape par \u00e9tape et les sp\u00e9cifications techniques. Vous pr\u00e9f\u00e9rez [&hellip;]<\/p>","protected":false},"author":2,"featured_media":0,"parent":0,"menu_order":0,"comment_status":"closed","ping_status":"closed","template":"","meta":{"footnotes":""},"class_list":["post-577","page","type-page","status-publish","hentry"],"_links":{"self":[{"href":"https:\/\/agflo.io\/en\/wp-json\/wp\/v2\/pages\/577","targetHints":{"allow":["GET"]}}],"collection":[{"href":"https:\/\/agflo.io\/en\/wp-json\/wp\/v2\/pages"}],"about":[{"href":"https:\/\/agflo.io\/en\/wp-json\/wp\/v2\/types\/page"}],"author":[{"embeddable":true,"href":"https:\/\/agflo.io\/en\/wp-json\/wp\/v2\/users\/2"}],"replies":[{"embeddable":true,"href":"https:\/\/agflo.io\/en\/wp-json\/wp\/v2\/comments?post=577"}],"version-history":[{"count":76,"href":"https:\/\/agflo.io\/en\/wp-json\/wp\/v2\/pages\/577\/revisions"}],"predecessor-version":[{"id":1513,"href":"https:\/\/agflo.io\/en\/wp-json\/wp\/v2\/pages\/577\/revisions\/1513"}],"wp:attachment":[{"href":"https:\/\/agflo.io\/en\/wp-json\/wp\/v2\/media?parent=577"}],"curies":[{"name":"wp","href":"https:\/\/api.w.org\/{rel}","templated":true}]}}