{"id":624,"date":"2025-10-16T15:59:45","date_gmt":"2025-10-16T19:59:45","guid":{"rendered":"https:\/\/agflo.io\/?page_id=624"},"modified":"2026-04-10T08:51:45","modified_gmt":"2026-04-10T12:51:45","slug":"feedmills","status":"publish","type":"page","link":"https:\/\/agflo.io\/en\/feedmills\/","title":{"rendered":"Feed Mills"},"content":{"rendered":"<div data-elementor-type=\"wp-page\" data-elementor-id=\"624\" class=\"elementor elementor-624\" data-elementor-post-type=\"page\">\n\t\t\t\t<div class=\"elementor-element elementor-element-238d02b e-flex e-con-boxed e-con e-parent\" data-id=\"238d02b\" data-element_type=\"container\">\n\t\t\t\t\t<div class=\"e-con-inner\">\n\t\t\t\t<div class=\"elementor-element elementor-element-ede727b elementor-widget__width-inherit elementor-widget elementor-widget-heading\" data-id=\"ede727b\" data-element_type=\"widget\" data-widget_type=\"heading.default\">\n\t\t\t\t<div class=\"elementor-widget-container\">\n\t\t\t\t\t<h1 class=\"elementor-heading-title elementor-size-default\">Feed Logistics, Reinvented with Data.<\/h1>\t\t\t\t<\/div>\n\t\t\t\t<\/div>\n\t\t\t\t\t<\/div>\n\t\t\t\t<\/div>\n\t\t<div class=\"elementor-element elementor-element-f2c7678 e-flex e-con-boxed e-con e-parent\" data-id=\"f2c7678\" data-element_type=\"container\">\n\t\t\t\t\t<div class=\"e-con-inner\">\n\t\t\t\t<div class=\"elementor-element elementor-element-bd1835a elementor-widget elementor-widget-heading\" data-id=\"bd1835a\" data-element_type=\"widget\" data-widget_type=\"heading.default\">\n\t\t\t\t<div class=\"elementor-widget-container\">\n\t\t\t\t\t<h2 class=\"elementor-heading-title elementor-size-default\">Not just sensors, actionable insights to streamline every step.<\/h2>\t\t\t\t<\/div>\n\t\t\t\t<\/div>\n\t\t\t\t\t<\/div>\n\t\t\t\t<\/div>\n\t\t<div class=\"elementor-element elementor-element-4cd1232 e-flex e-con-boxed e-con e-parent\" data-id=\"4cd1232\" data-element_type=\"container\" data-settings=\"{&quot;background_background&quot;:&quot;classic&quot;}\">\n\t\t\t\t\t<div class=\"e-con-inner\">\n\t\t\t\t<div class=\"elementor-element elementor-element-a553d2a elementor-widget__width-inherit elementor-widget elementor-widget-video\" data-id=\"a553d2a\" data-element_type=\"widget\" data-settings=\"{&quot;youtube_url&quot;:&quot;https:\\\/\\\/youtu.be\\\/FdlsyTHwh1U&quot;,&quot;video_type&quot;:&quot;youtube&quot;,&quot;controls&quot;:&quot;yes&quot;}\" data-no-translation=\"\" data-widget_type=\"video.default\">\n\t\t\t\t<div class=\"elementor-widget-container\">\n\t\t\t\t\t<style>.elementor-element-a553d2a{display:none !important}<\/style>\t\t\t\t<\/div>\n\t\t\t\t<\/div>\n\t\t\t\t<div class=\"elementor-element elementor-element-6d3d971 elementor-widget__width-inherit elementor-widget elementor-widget-video\" data-id=\"6d3d971\" data-element_type=\"widget\" data-settings=\"{&quot;youtube_url&quot;:&quot;https:\\\/\\\/youtu.be\\\/oZ-MsDx44Kk&quot;,&quot;video_type&quot;:&quot;youtube&quot;,&quot;controls&quot;:&quot;yes&quot;}\" data-no-translation=\"\" data-widget_type=\"video.default\">\n\t\t\t\t<div class=\"elementor-widget-container\">\n\t\t\t\t\t\t\t<div class=\"elementor-wrapper elementor-open-inline\">\n\t\t\t<div class=\"elementor-video\"><\/div>\t\t<\/div>\n\t\t\t\t\t\t<\/div>\n\t\t\t\t<\/div>\n\t\t\t\t<div class=\"elementor-element elementor-element-bab4a00 elementor-widget elementor-widget-heading\" data-id=\"bab4a00\" data-element_type=\"widget\" data-widget_type=\"heading.default\">\n\t\t\t\t<div class=\"elementor-widget-container\">\n\t\t\t\t\t<h6 class=\"elementor-heading-title elementor-size-default\">Discover how continuous inventory information can lead to significant savings.<\/h6>\t\t\t\t<\/div>\n\t\t\t\t<\/div>\n\t\t\t\t<div class=\"elementor-element elementor-element-7f16412 elementor-align-center elementor-widget elementor-widget-button\" data-id=\"7f16412\" data-element_type=\"widget\" data-widget_type=\"button.default\">\n\t\t\t\t<div class=\"elementor-widget-container\">\n\t\t\t\t\t\t\t\t\t<div class=\"elementor-button-wrapper\">\n\t\t\t\t\t<a class=\"elementor-button elementor-button-link elementor-size-sm\" href=\"\/en\/contact-us\/\">\n\t\t\t\t\t\t<span class=\"elementor-button-content-wrapper\">\n\t\t\t\t\t\t\t\t\t<span class=\"elementor-button-text\">Contact Us<\/span>\n\t\t\t\t\t<\/span>\n\t\t\t\t\t<\/a>\n\t\t\t\t<\/div>\n\t\t\t\t\t\t\t\t<\/div>\n\t\t\t\t<\/div>\n\t\t\t\t\t<\/div>\n\t\t\t\t<\/div>\n\t\t<div class=\"elementor-element elementor-element-0134db5 e-flex e-con-boxed e-con e-parent\" data-id=\"0134db5\" data-element_type=\"container\">\n\t\t\t\t\t<div class=\"e-con-inner\">\n\t\t<div class=\"elementor-element elementor-element-4f4b878 e-con-full e-flex e-con e-child\" data-id=\"4f4b878\" data-element_type=\"container\">\n\t\t\t\t<div class=\"elementor-element elementor-element-146ad5e elementor-widget elementor-widget-image\" data-id=\"146ad5e\" data-element_type=\"widget\" data-widget_type=\"image.default\">\n\t\t\t\t<div class=\"elementor-widget-container\">\n\t\t\t\t\t\t\t\t\t\t\t\t\t\t\t<img fetchpriority=\"high\" decoding=\"async\" width=\"800\" height=\"800\" src=\"https:\/\/agflo.io\/wp-content\/uploads\/2023\/12\/capteur.svg\" class=\"attachment-full size-full wp-image-178\" alt=\"\" \/>\t\t\t\t\t\t\t\t\t\t\t\t\t\t\t<\/div>\n\t\t\t\t<\/div>\n\t\t\t\t<\/div>\n\t\t<div class=\"elementor-element elementor-element-ff0f89b e-con-full e-flex e-con e-child\" data-id=\"ff0f89b\" data-element_type=\"container\">\n\t\t\t\t<div class=\"elementor-element elementor-element-9a11900 elementor-widget elementor-widget-heading\" data-id=\"9a11900\" data-element_type=\"widget\" data-widget_type=\"heading.default\">\n\t\t\t\t<div class=\"elementor-widget-container\">\n\t\t\t\t\t<h3 class=\"elementor-heading-title elementor-size-default\">Built for Performance. Powered by Data.<\/h3>\t\t\t\t<\/div>\n\t\t\t\t<\/div>\n\t\t\t\t<div class=\"elementor-element elementor-element-33c8089 elementor-widget elementor-widget-text-editor\" data-id=\"33c8089\" data-element_type=\"widget\" data-widget_type=\"text-editor.default\">\n\t\t\t\t<div class=\"elementor-widget-container\">\n\t\t\t\t\t\t\t\t\t<h6 data-start=\"56\" data-end=\"216\">Every AgFlo feature is designed to reduce costs, errors, and downtime, while improving safety and operational clarity.<\/h6><ul><li data-start=\"56\" data-end=\"216\"><h6>Real-time inventory monitoring<\/h6><\/li><li data-start=\"56\" data-end=\"216\"><h6>Eliminate last-minute orders<\/h6><\/li><li data-start=\"56\" data-end=\"216\"><h6>Fewer order errors<\/h6><\/li><li data-start=\"56\" data-end=\"216\"><h6>Lower transportation costs<\/h6><\/li><li data-start=\"56\" data-end=\"216\"><h6>Increased Safety<\/h6><\/li><li data-start=\"56\" data-end=\"216\"><h6>Reduced Waste<\/h6><\/li><\/ul>\t\t\t\t\t\t\t\t<\/div>\n\t\t\t\t<\/div>\n\t\t\t\t<\/div>\n\t\t\t\t\t<\/div>\n\t\t\t\t<\/div>\n\t\t<div class=\"elementor-element elementor-element-d5d6046 e-flex e-con-boxed e-con e-parent\" data-id=\"d5d6046\" data-element_type=\"container\">\n\t\t\t\t\t<div class=\"e-con-inner\">\n\t\t\t\t<div class=\"elementor-element elementor-element-5a6164e elementor-widget elementor-widget-image\" data-id=\"5a6164e\" data-element_type=\"widget\" data-widget_type=\"image.default\">\n\t\t\t\t<div class=\"elementor-widget-container\">\n\t\t\t\t\t\t\t\t\t\t\t\t\t\t\t<img decoding=\"async\" width=\"300\" height=\"135\" src=\"https:\/\/agflo.io\/wp-content\/uploads\/2025\/10\/truckRGB-300x135.jpg\" class=\"attachment-medium size-medium wp-image-717\" alt=\"\" srcset=\"https:\/\/agflo.io\/wp-content\/uploads\/2025\/10\/truckRGB-300x135.jpg 300w, https:\/\/agflo.io\/wp-content\/uploads\/2025\/10\/truckRGB-1024x462.jpg 1024w, https:\/\/agflo.io\/wp-content\/uploads\/2025\/10\/truckRGB-768x346.jpg 768w, https:\/\/agflo.io\/wp-content\/uploads\/2025\/10\/truckRGB-18x8.jpg 18w, https:\/\/agflo.io\/wp-content\/uploads\/2025\/10\/truckRGB.jpg 1133w\" sizes=\"(max-width: 300px) 100vw, 300px\" \/>\t\t\t\t\t\t\t\t\t\t\t\t\t\t\t<\/div>\n\t\t\t\t<\/div>\n\t\t\t\t<div class=\"elementor-element elementor-element-7d37465 elementor-widget elementor-widget-heading\" data-id=\"7d37465\" data-element_type=\"widget\" data-widget_type=\"heading.default\">\n\t\t\t\t<div class=\"elementor-widget-container\">\n\t\t\t\t\t<h3 class=\"elementor-heading-title elementor-size-default\">Greener Operations\n<\/h3>\t\t\t\t<\/div>\n\t\t\t\t<\/div>\n\t\t\t\t<div class=\"elementor-element elementor-element-b087939 elementor-widget elementor-widget-heading\" data-id=\"b087939\" data-element_type=\"widget\" data-widget_type=\"heading.default\">\n\t\t\t\t<div class=\"elementor-widget-container\">\n\t\t\t\t\t<h6 class=\"elementor-heading-title elementor-size-default\">Lower carbon emissions (600 kg CO\u2082 \/ silo \/ year)<\/h6>\t\t\t\t<\/div>\n\t\t\t\t<\/div>\n\t\t\t\t<div class=\"elementor-element elementor-element-0b29a76 elementor-widget elementor-widget-heading\" data-id=\"0b29a76\" data-element_type=\"widget\" data-widget_type=\"heading.default\">\n\t\t\t\t<div class=\"elementor-widget-container\">\n\t\t\t\t\t<h6 class=\"elementor-heading-title elementor-size-default\">Reduced feed waste (1 ton \/ silo \/ year)<\/h6>\t\t\t\t<\/div>\n\t\t\t\t<\/div>\n\t\t\t\t<div class=\"elementor-element elementor-element-da68e3a elementor-widget elementor-widget-heading\" data-id=\"da68e3a\" data-element_type=\"widget\" data-widget_type=\"heading.default\">\n\t\t\t\t<div class=\"elementor-widget-container\">\n\t\t\t\t\t<p class=\"elementor-heading-title elementor-size-default\">(Calculated using data representative of an average feed mill.)<\/p>\t\t\t\t<\/div>\n\t\t\t\t<\/div>\n\t\t\t\t\t<\/div>\n\t\t\t\t<\/div>\n\t\t<div class=\"elementor-element elementor-element-2b53a6d e-flex e-con-boxed e-con e-parent\" data-id=\"2b53a6d\" data-element_type=\"container\">\n\t\t\t\t\t<div class=\"e-con-inner\">\n\t\t\t\t<div class=\"elementor-element elementor-element-44cc7d2 elementor-widget elementor-widget-heading\" data-id=\"44cc7d2\" data-element_type=\"widget\" data-widget_type=\"heading.default\">\n\t\t\t\t<div class=\"elementor-widget-container\">\n\t\t\t\t\t<h3 class=\"elementor-heading-title elementor-size-default\">The AgFlo Solution: affordable and accurate feed inventory management<\/h3>\t\t\t\t<\/div>\n\t\t\t\t<\/div>\n\t\t\t\t\t<\/div>\n\t\t\t\t<\/div>\n\t\t<div class=\"elementor-element elementor-element-a528bba e-flex e-con-boxed e-con e-parent\" data-id=\"a528bba\" data-element_type=\"container\" data-settings=\"{&quot;background_background&quot;:&quot;classic&quot;}\">\n\t\t\t\t\t<div class=\"e-con-inner\">\n\t\t\t\t<div class=\"elementor-element elementor-element-eb2b62a elementor-widget elementor-widget-heading\" data-id=\"eb2b62a\" data-element_type=\"widget\" data-widget_type=\"heading.default\">\n\t\t\t\t<div class=\"elementor-widget-container\">\n\t\t\t\t\t<h3 class=\"elementor-heading-title elementor-size-default\">More than just data, you get insights <\/h3>\t\t\t\t<\/div>\n\t\t\t\t<\/div>\n\t\t\t\t<div class=\"elementor-element elementor-element-b24175c elementor-widget elementor-widget-image\" data-id=\"b24175c\" data-element_type=\"widget\" data-no-translation=\"\" data-widget_type=\"image.default\">\n\t\t\t\t<div class=\"elementor-widget-container\">\n\t\t\t\t\t<style>.elementor-element-b24175c{display:none !important}<\/style>\t\t\t\t<\/div>\n\t\t\t\t<\/div>\n\t\t\t\t<div class=\"elementor-element elementor-element-5027e2b elementor-widget elementor-widget-image\" data-id=\"5027e2b\" data-element_type=\"widget\" data-no-translation=\"\" data-widget_type=\"image.default\">\n\t\t\t\t<div class=\"elementor-widget-container\">\n\t\t\t\t\t\t\t\t\t\t\t\t\t\t\t<img decoding=\"async\" width=\"1920\" height=\"1163\" src=\"https:\/\/agflo.io\/wp-content\/uploads\/2026\/01\/dashboard-anonyme-EN.png\" class=\"attachment-full size-full wp-image-1569\" alt=\"\" srcset=\"https:\/\/agflo.io\/wp-content\/uploads\/2026\/01\/dashboard-anonyme-EN.png 1920w, https:\/\/agflo.io\/wp-content\/uploads\/2026\/01\/dashboard-anonyme-EN-300x182.png 300w, https:\/\/agflo.io\/wp-content\/uploads\/2026\/01\/dashboard-anonyme-EN-1024x620.png 1024w, https:\/\/agflo.io\/wp-content\/uploads\/2026\/01\/dashboard-anonyme-EN-768x465.png 768w, https:\/\/agflo.io\/wp-content\/uploads\/2026\/01\/dashboard-anonyme-EN-1536x930.png 1536w, https:\/\/agflo.io\/wp-content\/uploads\/2026\/01\/dashboard-anonyme-EN-18x12.png 18w\" sizes=\"(max-width: 1920px) 100vw, 1920px\" \/>\t\t\t\t\t\t\t\t\t\t\t\t\t\t\t<\/div>\n\t\t\t\t<\/div>\n\t\t\t\t<div class=\"elementor-element elementor-element-cb75e46 elementor-widget elementor-widget-image\" data-id=\"cb75e46\" data-element_type=\"widget\" data-no-translation=\"\" data-widget_type=\"image.default\">\n\t\t\t\t<div class=\"elementor-widget-container\">\n\t\t\t\t\t<style>.elementor-element-cb75e46{display:none !important}<\/style>\t\t\t\t<\/div>\n\t\t\t\t<\/div>\n\t\t\t\t<div class=\"elementor-element elementor-element-d07f71f elementor-widget elementor-widget-image\" data-id=\"d07f71f\" data-element_type=\"widget\" data-no-translation=\"\" data-widget_type=\"image.default\">\n\t\t\t\t<div class=\"elementor-widget-container\">\n\t\t\t\t\t\t\t\t\t\t\t\t\t\t\t<img loading=\"lazy\" decoding=\"async\" width=\"1910\" height=\"416\" src=\"https:\/\/agflo.io\/wp-content\/uploads\/2026\/01\/tableaudeBordHistoriqueAnonyme-EN.png\" class=\"attachment-full size-full wp-image-1568\" alt=\"\" srcset=\"https:\/\/agflo.io\/wp-content\/uploads\/2026\/01\/tableaudeBordHistoriqueAnonyme-EN.png 1910w, https:\/\/agflo.io\/wp-content\/uploads\/2026\/01\/tableaudeBordHistoriqueAnonyme-EN-300x65.png 300w, https:\/\/agflo.io\/wp-content\/uploads\/2026\/01\/tableaudeBordHistoriqueAnonyme-EN-1024x223.png 1024w, https:\/\/agflo.io\/wp-content\/uploads\/2026\/01\/tableaudeBordHistoriqueAnonyme-EN-768x167.png 768w, https:\/\/agflo.io\/wp-content\/uploads\/2026\/01\/tableaudeBordHistoriqueAnonyme-EN-1536x335.png 1536w, https:\/\/agflo.io\/wp-content\/uploads\/2026\/01\/tableaudeBordHistoriqueAnonyme-EN-18x4.png 18w\" sizes=\"(max-width: 1910px) 100vw, 1910px\" \/>\t\t\t\t\t\t\t\t\t\t\t\t\t\t\t<\/div>\n\t\t\t\t<\/div>\n\t\t\t\t\t<\/div>\n\t\t\t\t<\/div>\n\t\t<div class=\"elementor-element elementor-element-d805229 e-flex e-con-boxed e-con e-parent\" data-id=\"d805229\" data-element_type=\"container\">\n\t\t\t\t\t<div class=\"e-con-inner\">\n\t\t<div class=\"elementor-element elementor-element-eac73e7 e-con-full e-flex e-con e-child\" data-id=\"eac73e7\" data-element_type=\"container\">\n\t\t\t\t<div class=\"elementor-element elementor-element-4640567 elementor-widget elementor-widget-image\" data-id=\"4640567\" data-element_type=\"widget\" data-widget_type=\"image.default\">\n\t\t\t\t<div class=\"elementor-widget-container\">\n\t\t\t\t\t\t\t\t\t\t\t\t\t\t\t<img loading=\"lazy\" decoding=\"async\" width=\"300\" height=\"300\" src=\"https:\/\/agflo.io\/wp-content\/uploads\/2025\/11\/ERP-300x300.jpg\" class=\"attachment-medium size-medium wp-image-752\" alt=\"\" srcset=\"https:\/\/agflo.io\/wp-content\/uploads\/2025\/11\/ERP-300x300.jpg 300w, https:\/\/agflo.io\/wp-content\/uploads\/2025\/11\/ERP-150x150.jpg 150w, https:\/\/agflo.io\/wp-content\/uploads\/2025\/11\/ERP-12x12.jpg 12w, https:\/\/agflo.io\/wp-content\/uploads\/2025\/11\/ERP.jpg 500w\" sizes=\"(max-width: 300px) 100vw, 300px\" \/>\t\t\t\t\t\t\t\t\t\t\t\t\t\t\t<\/div>\n\t\t\t\t<\/div>\n\t\t\t\t<\/div>\n\t\t<div class=\"elementor-element elementor-element-9bfc1d1 e-con-full e-flex e-con e-child\" data-id=\"9bfc1d1\" data-element_type=\"container\">\n\t\t\t\t<div class=\"elementor-element elementor-element-77ce8dd elementor-widget elementor-widget-heading\" data-id=\"77ce8dd\" data-element_type=\"widget\" data-widget_type=\"heading.default\">\n\t\t\t\t<div class=\"elementor-widget-container\">\n\t\t\t\t\t<h3 class=\"elementor-heading-title elementor-size-default\">Easily integrates with ordering and ERP systems <\/h3>\t\t\t\t<\/div>\n\t\t\t\t<\/div>\n\t\t\t\t<\/div>\n\t\t\t\t\t<\/div>\n\t\t\t\t<\/div>\n\t\t<div class=\"elementor-element elementor-element-effcde6 e-con-full e-flex e-con e-parent\" data-id=\"effcde6\" data-element_type=\"container\" data-settings=\"{&quot;background_background&quot;:&quot;classic&quot;}\">\n\t\t<div class=\"elementor-element elementor-element-ce0ab42 e-con-full e-flex e-con e-child\" data-id=\"ce0ab42\" data-element_type=\"container\">\n\t\t\t\t<div class=\"elementor-element elementor-element-75f9915 elementor-widget elementor-widget-heading\" data-id=\"75f9915\" data-element_type=\"widget\" data-widget_type=\"heading.default\">\n\t\t\t\t<div class=\"elementor-widget-container\">\n\t\t\t\t\t<h3 class=\"elementor-heading-title elementor-size-default\">How it works<\/h3>\t\t\t\t<\/div>\n\t\t\t\t<\/div>\n\t\t\t\t<div class=\"elementor-element elementor-element-342fa9f elementor-widget elementor-widget-text-editor\" data-id=\"342fa9f\" data-element_type=\"widget\" data-widget_type=\"text-editor.default\">\n\t\t\t\t<div class=\"elementor-widget-container\">\n\t\t\t\t\t\t\t\t\t<ul><li>We use ultrasound to measure the distance between the sensor and the feed.<\/li><li>Using a geometric model of the bin, distance is converted into a volume of feed<\/li><li>Our ultrasound technology enables greater precision than a single point of measurement.<\/li><li>We account for the uneven surface and provide an average distance measurement.<\/li><\/ul>\t\t\t\t\t\t\t\t<\/div>\n\t\t\t\t<\/div>\n\t\t\t\t<\/div>\n\t\t<div class=\"elementor-element elementor-element-96d4f35 e-con-full e-flex e-con e-child\" data-id=\"96d4f35\" data-element_type=\"container\">\n\t\t\t\t<div class=\"elementor-element elementor-element-4ac24d9 elementor-widget elementor-widget-image\" data-id=\"4ac24d9\" data-element_type=\"widget\" data-widget_type=\"image.default\">\n\t\t\t\t<div class=\"elementor-widget-container\">\n\t\t\t\t\t\t\t\t\t\t\t\t\t\t\t<img loading=\"lazy\" decoding=\"async\" width=\"444\" height=\"728\" src=\"https:\/\/agflo.io\/wp-content\/uploads\/2025\/11\/competition-WEB.jpg\" class=\"attachment-full size-full wp-image-764\" alt=\"\" srcset=\"https:\/\/agflo.io\/wp-content\/uploads\/2025\/11\/competition-WEB.jpg 444w, https:\/\/agflo.io\/wp-content\/uploads\/2025\/11\/competition-WEB-183x300.jpg 183w, https:\/\/agflo.io\/wp-content\/uploads\/2025\/11\/competition-WEB-7x12.jpg 7w\" sizes=\"(max-width: 444px) 100vw, 444px\" \/>\t\t\t\t\t\t\t\t\t\t\t\t\t\t\t<\/div>\n\t\t\t\t<\/div>\n\t\t\t\t<div class=\"elementor-element elementor-element-3d3ec40 elementor-widget elementor-widget-heading\" data-id=\"3d3ec40\" data-element_type=\"widget\" data-widget_type=\"heading.default\">\n\t\t\t\t<div class=\"elementor-widget-container\">\n\t\t\t\t\t<p class=\"elementor-heading-title elementor-size-default\">Competition<\/p>\t\t\t\t<\/div>\n\t\t\t\t<\/div>\n\t\t\t\t<\/div>\n\t\t<div class=\"elementor-element elementor-element-581541d e-con-full e-flex e-con e-child\" data-id=\"581541d\" data-element_type=\"container\">\n\t\t\t\t<div class=\"elementor-element elementor-element-00ba40b elementor-widget elementor-widget-image\" data-id=\"00ba40b\" data-element_type=\"widget\" data-widget_type=\"image.default\">\n\t\t\t\t<div class=\"elementor-widget-container\">\n\t\t\t\t\t\t\t\t\t\t\t\t\t\t\t<img loading=\"lazy\" decoding=\"async\" width=\"444\" height=\"728\" src=\"https:\/\/agflo.io\/wp-content\/uploads\/2025\/11\/Aglo-competition-WEB.jpg\" class=\"attachment-full size-full wp-image-765\" alt=\"\" srcset=\"https:\/\/agflo.io\/wp-content\/uploads\/2025\/11\/Aglo-competition-WEB.jpg 444w, https:\/\/agflo.io\/wp-content\/uploads\/2025\/11\/Aglo-competition-WEB-183x300.jpg 183w, https:\/\/agflo.io\/wp-content\/uploads\/2025\/11\/Aglo-competition-WEB-7x12.jpg 7w\" sizes=\"(max-width: 444px) 100vw, 444px\" \/>\t\t\t\t\t\t\t\t\t\t\t\t\t\t\t<\/div>\n\t\t\t\t<\/div>\n\t\t\t\t<div class=\"elementor-element elementor-element-923991f elementor-widget elementor-widget-heading\" data-id=\"923991f\" data-element_type=\"widget\" data-widget_type=\"heading.default\">\n\t\t\t\t<div class=\"elementor-widget-container\">\n\t\t\t\t\t<p class=\"elementor-heading-title elementor-size-default\">AgFlo\n<\/p>\t\t\t\t<\/div>\n\t\t\t\t<\/div>\n\t\t\t\t<\/div>\n\t\t\t\t<\/div>\n\t\t<div class=\"elementor-element elementor-element-d9ec86c e-flex e-con-boxed e-con e-parent\" data-id=\"d9ec86c\" data-element_type=\"container\" data-settings=\"{&quot;background_background&quot;:&quot;classic&quot;}\">\n\t\t\t\t\t<div class=\"e-con-inner\">\n\t\t<div class=\"elementor-element elementor-element-8c0a678 e-con-full e-flex e-con e-child\" data-id=\"8c0a678\" data-element_type=\"container\" data-settings=\"{&quot;background_background&quot;:&quot;classic&quot;}\">\n\t\t<div class=\"elementor-element elementor-element-509c69c e-con-full e-flex e-con e-child\" data-id=\"509c69c\" data-element_type=\"container\" data-settings=\"{&quot;background_background&quot;:&quot;classic&quot;}\">\n\t\t<div class=\"elementor-element elementor-element-1fded91 e-con-full e-flex e-con e-child\" data-id=\"1fded91\" data-element_type=\"container\">\n\t\t\t\t<div class=\"elementor-element elementor-element-11bbe82 elementor-widget elementor-widget-heading\" data-id=\"11bbe82\" data-element_type=\"widget\" data-widget_type=\"heading.default\">\n\t\t\t\t<div class=\"elementor-widget-container\">\n\t\t\t\t\t<h3 class=\"elementor-heading-title elementor-size-default\">At The Core<\/h3>\t\t\t\t<\/div>\n\t\t\t\t<\/div>\n\t\t\t\t<div class=\"elementor-element elementor-element-0a21ff4 elementor-widget elementor-widget-heading\" data-id=\"0a21ff4\" data-element_type=\"widget\" data-widget_type=\"heading.default\">\n\t\t\t\t<div class=\"elementor-widget-container\">\n\t\t\t\t\t<h3 class=\"elementor-heading-title elementor-size-default\">The AgFlo Sensor<\/h3>\t\t\t\t<\/div>\n\t\t\t\t<\/div>\n\t\t\t\t<div class=\"elementor-element elementor-element-0a22a8b elementor-widget elementor-widget-text-editor\" data-id=\"0a22a8b\" data-element_type=\"widget\" data-widget_type=\"text-editor.default\">\n\t\t\t\t<div class=\"elementor-widget-container\">\n\t\t\t\t\t\t\t\t\t<ul><li data-start=\"0\" data-end=\"89\">Designed for large-scale deployments with a fast ROI<\/li><li data-start=\"0\" data-end=\"89\">Fully Autonomous: no internet connection or power supply required<\/li><li data-start=\"91\" data-end=\"184\">Installed in less than 15 minutes, no bin modification, no tools required<\/li><li data-start=\"186\" data-end=\"217\">Designed and assembled in Canada<\/li><\/ul>\t\t\t\t\t\t\t\t<\/div>\n\t\t\t\t<\/div>\n\t\t\t\t<\/div>\n\t\t<div class=\"elementor-element elementor-element-0534f1f e-con-full e-flex e-con e-child\" data-id=\"0534f1f\" data-element_type=\"container\">\n\t\t\t\t<div class=\"elementor-element elementor-element-4720a64 elementor-widget elementor-widget-image\" data-id=\"4720a64\" data-element_type=\"widget\" data-widget_type=\"image.default\">\n\t\t\t\t<div class=\"elementor-widget-container\">\n\t\t\t\t\t\t\t\t\t\t\t\t\t\t\t<img fetchpriority=\"high\" decoding=\"async\" width=\"800\" height=\"800\" src=\"https:\/\/agflo.io\/wp-content\/uploads\/2023\/12\/capteur.svg\" class=\"attachment-full size-full wp-image-178\" alt=\"\" \/>\t\t\t\t\t\t\t\t\t\t\t\t\t\t\t<\/div>\n\t\t\t\t<\/div>\n\t\t\t\t<\/div>\n\t\t\t\t<\/div>\n\t\t\t\t<div class=\"elementor-element elementor-element-b46717d elementor-align-center elementor-widget elementor-widget-button\" data-id=\"b46717d\" data-element_type=\"widget\" data-no-translation=\"\" data-widget_type=\"button.default\">\n\t\t\t\t<div class=\"elementor-widget-container\">\n\t\t\t\t\t<style>.elementor-element-b46717d{display:none !important}<\/style>\t\t\t\t<\/div>\n\t\t\t\t<\/div>\n\t\t\t\t<div class=\"elementor-element elementor-element-e1c9947 elementor-align-center elementor-widget elementor-widget-button\" data-id=\"e1c9947\" data-element_type=\"widget\" data-no-translation=\"\" data-widget_type=\"button.default\">\n\t\t\t\t<div class=\"elementor-widget-container\">\n\t\t\t\t\t\t\t\t\t<div class=\"elementor-button-wrapper\">\n\t\t\t\t\t<a class=\"elementor-button elementor-button-link elementor-size-sm\" href=\"\/wp-content\/uploads\/2025\/11\/techsheet_EN.pdf\" target=\"_blank\">\n\t\t\t\t\t\t<span class=\"elementor-button-content-wrapper\">\n\t\t\t\t\t\t\t\t\t<span class=\"elementor-button-text\">View Tech Sheet<\/span>\n\t\t\t\t\t<\/span>\n\t\t\t\t\t<\/a>\n\t\t\t\t<\/div>\n\t\t\t\t\t\t\t\t<\/div>\n\t\t\t\t<\/div>\n\t\t\t\t<\/div>\n\t\t\t\t\t<\/div>\n\t\t\t\t<\/div>\n\t\t<div class=\"elementor-element elementor-element-e084fcf e-flex e-con-boxed e-con e-parent\" data-id=\"e084fcf\" data-element_type=\"container\">\n\t\t\t\t\t<div class=\"e-con-inner\">\n\t\t\t\t<div class=\"elementor-element elementor-element-aa4ca62 elementor-widget elementor-widget-image\" data-id=\"aa4ca62\" data-element_type=\"widget\" data-widget_type=\"image.default\">\n\t\t\t\t<div class=\"elementor-widget-container\">\n\t\t\t\t\t\t\t\t\t\t\t\t\t\t\t<img loading=\"lazy\" decoding=\"async\" width=\"1920\" height=\"1280\" src=\"https:\/\/agflo.io\/wp-content\/uploads\/2025\/11\/Agflo-4_LR.jpg\" class=\"attachment-full size-full wp-image-787\" alt=\"\" srcset=\"https:\/\/agflo.io\/wp-content\/uploads\/2025\/11\/Agflo-4_LR.jpg 1920w, https:\/\/agflo.io\/wp-content\/uploads\/2025\/11\/Agflo-4_LR-300x200.jpg 300w, https:\/\/agflo.io\/wp-content\/uploads\/2025\/11\/Agflo-4_LR-1024x683.jpg 1024w, https:\/\/agflo.io\/wp-content\/uploads\/2025\/11\/Agflo-4_LR-768x512.jpg 768w, https:\/\/agflo.io\/wp-content\/uploads\/2025\/11\/Agflo-4_LR-1536x1024.jpg 1536w, https:\/\/agflo.io\/wp-content\/uploads\/2025\/11\/Agflo-4_LR-18x12.jpg 18w\" sizes=\"(max-width: 1920px) 100vw, 1920px\" \/>\t\t\t\t\t\t\t\t\t\t\t\t\t\t\t<\/div>\n\t\t\t\t<\/div>\n\t\t\t\t\t<\/div>\n\t\t\t\t<\/div>\n\t\t\t\t<\/div>","protected":false},"excerpt":{"rendered":"<p>Les donn\u00e9es au service de la cha\u00eene logistique animale Au-del\u00e0 des capteurs, des informations cruciales optimisent chaque \u00e9tape. https:\/\/youtu.be\/FdlsyTHwh1Uhttps:\/\/youtu.be\/oZ-MsDx44Kk D\u00e9couvrez comment l\u2019information en continu sur les stocks peut g\u00e9n\u00e9rer des \u00e9conomies consid\u00e9rables. Contactez-nous Con\u00e7u pour la performance. Propuls\u00e9 par les donn\u00e9es. Chaque fonctionnalit\u00e9 d\u2019AgFlo est pens\u00e9e pour r\u00e9duire les co\u00fbts, les erreurs et les temps [&hellip;]<\/p>","protected":false},"author":2,"featured_media":0,"parent":0,"menu_order":0,"comment_status":"closed","ping_status":"closed","template":"","meta":{"footnotes":""},"class_list":["post-624","page","type-page","status-publish","hentry"],"_links":{"self":[{"href":"https:\/\/agflo.io\/en\/wp-json\/wp\/v2\/pages\/624","targetHints":{"allow":["GET"]}}],"collection":[{"href":"https:\/\/agflo.io\/en\/wp-json\/wp\/v2\/pages"}],"about":[{"href":"https:\/\/agflo.io\/en\/wp-json\/wp\/v2\/types\/page"}],"author":[{"embeddable":true,"href":"https:\/\/agflo.io\/en\/wp-json\/wp\/v2\/users\/2"}],"replies":[{"embeddable":true,"href":"https:\/\/agflo.io\/en\/wp-json\/wp\/v2\/comments?post=624"}],"version-history":[{"count":160,"href":"https:\/\/agflo.io\/en\/wp-json\/wp\/v2\/pages\/624\/revisions"}],"predecessor-version":[{"id":1804,"href":"https:\/\/agflo.io\/en\/wp-json\/wp\/v2\/pages\/624\/revisions\/1804"}],"wp:attachment":[{"href":"https:\/\/agflo.io\/en\/wp-json\/wp\/v2\/media?parent=624"}],"curies":[{"name":"wp","href":"https:\/\/api.w.org\/{rel}","templated":true}]}}